{"id":1372,"date":"2021-11-05T16:21:18","date_gmt":"2021-11-05T16:21:18","guid":{"rendered":"http:\/\/www.hcgrupo.com\/?post_type=product&#038;p=1372"},"modified":"2022-01-09T20:52:57","modified_gmt":"2022-01-09T20:52:57","slug":"hecovit-complex","status":"publish","type":"product","link":"http:\/\/www.hcgrupo.com\/?product=hecovit-complex","title":{"rendered":"HECOVIT COMPLEX"},"content":{"rendered":"","protected":false},"excerpt":{"rendered":"<p><strong>Acci\u00f3n Terap\u00e9utica<\/strong><\/p>\n<ul>\n<li>Multivitam\u00ednico.<\/li>\n<\/ul>\n<p><strong>Principio Activo<\/strong><\/p>\n<ul>\n<li>Vitaminas + Minerales + Oligoelementos<\/li>\n<\/ul>\n<p><strong>F\u00f3rmula<br \/>\n<\/strong><\/p>\n<ul>\n<li>Extracto de ra\u00edz de Ginseng Coreano (Panax ginseng C.A<\/li>\n<li>Meyer)&#8230;&#8230;&#8230;&#8230;&#8230;&#8230;&#8230;&#8230;&#8230;&#8230;&#8230;&#8230;&#8230;&#8230;&#8230;&#8230;&#8230;&#8230;&#8230;&#8230;&#8230;&#8230;&#8230;&#8230;&#8230;&#8230;&#8230;&#8230;&#8230;.40 mg<\/li>\n<li>Omega 3&#8230;&#8230;&#8230;&#8230;&#8230;&#8230;&#8230;&#8230;&#8230;&#8230;&#8230;&#8230;&#8230;&#8230;&#8230;&#8230;&#8230;&#8230;&#8230;&#8230;&#8230;&#8230;&#8230;&#8230;&#8230;&#8230;&#8230;&#8230;.25 mg<\/li>\n<li>Vitamina A (como beta-Caroteno)&#8230;&#8230;&#8230;&#8230;&#8230;&#8230;&#8230;&#8230;&#8230;&#8230;&#8230;&#8230;&#8230;.4800 mcg<\/li>\n<li>Vitamina C (como Acido Asc\u00f3rbico)&#8230;&#8230;&#8230;&#8230;&#8230;&#8230;&#8230;&#8230;&#8230;&#8230;&#8230;&#8230;&#8230;&#8230;..60 mg<\/li>\n<li>Vitamina D (como Colecalciferol)&#8230;&#8230;&#8230;&#8230;&#8230;&#8230;&#8230;&#8230;&#8230;&#8230;&#8230;&#8230;&#8230;&#8230;&#8230;.10 mcg<\/li>\n<li>Vitamina E (como alfa-Tocoferil Succinato)&#8230;&#8230;&#8230;&#8230;&#8230;&#8230;&#8230;&#8230;&#8230;&#8230;&#8230;10 mg<\/li>\n<li>Vitamina B1 (Tiamina Mononitrato)&#8230;&#8230;&#8230;&#8230;&#8230;&#8230;&#8230;&#8230;&#8230;&#8230;&#8230;&#8230;&#8230;&#8230;&#8230;2 mg<\/li>\n<li>Vitamina B2 (Riboflavina)&#8230;&#8230;&#8230;&#8230;&#8230;&#8230;&#8230;&#8230;&#8230;&#8230;&#8230;&#8230;&#8230;&#8230;&#8230;&#8230;&#8230;&#8230;&#8230;&#8230;.2 mg<\/li>\n<li>Vitamina B3 (Niacinamida)&#8230;&#8230;&#8230;&#8230;&#8230;&#8230;&#8230;&#8230;&#8230;&#8230;&#8230;&#8230;&#8230;&#8230;&#8230;&#8230;&#8230;&#8230;&#8230;15 mg<\/li>\n<li>Vitamina B6 (Piridoxina Hidrocloruro)&#8230;&#8230;&#8230;&#8230;&#8230;&#8230;&#8230;&#8230;&#8230;&#8230;&#8230;&#8230;&#8230;..1 mg<\/li>\n<li>Acido F\u00f3lico&#8230;&#8230;&#8230;&#8230;&#8230;&#8230;&#8230;&#8230;&#8230;&#8230;&#8230;&#8230;&#8230;&#8230;&#8230;&#8230;&#8230;&#8230;&#8230;&#8230;&#8230;&#8230;&#8230;&#8230;&#8230;..200 mcg<\/li>\n<li>Vitamina B12 (Cianocobalamina)&#8230;&#8230;&#8230;&#8230;&#8230;&#8230;&#8230;&#8230;&#8230;&#8230;&#8230;&#8230;&#8230;&#8230;&#8230;..1 mcg<\/li>\n<li>Biotina&#8230;&#8230;&#8230;&#8230;&#8230;&#8230;&#8230;&#8230;&#8230;&#8230;&#8230;&#8230;&#8230;&#8230;&#8230;&#8230;&#8230;&#8230;&#8230;&#8230;&#8230;&#8230;&#8230;&#8230;&#8230;&#8230;&#8230;&#8230;&#8230;30 mcg<\/li>\n<li>Acido Pantotenico (Pantotenato C\u00e1lcico)&#8230;&#8230;&#8230;&#8230;&#8230;&#8230;&#8230;&#8230;&#8230;&#8230;&#8230;..10 mg<\/li>\n<li>Calcio (como Fosfato Dic\u00e1lcico)&#8230;&#8230;&#8230;&#8230;&#8230;&#8230;&#8230;&#8230;&#8230;&#8230;&#8230;&#8230;&#8230;&#8230;&#8230;&#8230;190 mg<\/li>\n<li>Hierro (como Fumarato Ferroso)&#8230;&#8230;&#8230;&#8230;&#8230;&#8230;&#8230;&#8230;&#8230;&#8230;&#8230;&#8230;&#8230;&#8230;&#8230;&#8230;10 mg<\/li>\n<li>Fosforo (como Fosfato Dic\u00e1lcico)&#8230;&#8230;&#8230;&#8230;&#8230;&#8230;&#8230;&#8230;&#8230;&#8230;&#8230;&#8230;&#8230;&#8230;&#8230;&#8230;70 mg<\/li>\n<li>Magnesio (como Oxido de Magnesio)&#8230;&#8230;&#8230;&#8230;&#8230;&#8230;&#8230;&#8230;&#8230;&#8230;&#8230;&#8230;&#8230;&#8230;50 mg<\/li>\n<li>Zinc (como Sulfato de Zinc)&#8230;&#8230;&#8230;&#8230;&#8230;&#8230;&#8230;&#8230;&#8230;&#8230;&#8230;&#8230;&#8230;&#8230;&#8230;&#8230;&#8230;&#8230;&#8230;&#8230;1 mg<\/li>\n<li>Selenio (como Selenio Amino Acido Quelato)&#8230;&#8230;&#8230;&#8230;&#8230;&#8230;&#8230;&#8230;&#8230;..50 mcg<\/li>\n<li>Cobre (como Oxido C\u00faprico)&#8230;&#8230;&#8230;&#8230;&#8230;&#8230;&#8230;&#8230;&#8230;&#8230;&#8230;&#8230;&#8230;&#8230;&#8230;&#8230;&#8230;&#8230;&#8230;..1 mg<\/li>\n<li>Manganeso (como Sulfato de Manganeso)&#8230;&#8230;&#8230;&#8230;&#8230;&#8230;&#8230;&#8230;&#8230;&#8230;&#8230;&#8230;.1 mg<\/li>\n<li>Potasio (como Cloruro de Potasio)&#8230;&#8230;&#8230;&#8230;&#8230;&#8230;&#8230;&#8230;&#8230;&#8230;&#8230;&#8230;&#8230;&#8230;&#8230;&#8230;..8 mg<\/li>\n<li>Fluoruro (como Fluoruro de Sodio)&#8230;&#8230;&#8230;&#8230;&#8230;&#8230;&#8230;&#8230;&#8230;&#8230;&#8230;&#8230;&#8230;&#8230;..200 mcg<\/li>\n<li>DMAE (Dimetilaminoetanol)&#8230;&#8230;&#8230;&#8230;&#8230;&#8230;&#8230;&#8230;&#8230;&#8230;&#8230;&#8230;&#8230;&#8230;&#8230;&#8230;&#8230;&#8230;&#8230;26 mg<\/li>\n<li>Rutina&#8230;&#8230;&#8230;&#8230;&#8230;&#8230;&#8230;&#8230;&#8230;&#8230;&#8230;&#8230;&#8230;&#8230;&#8230;&#8230;&#8230;&#8230;&#8230;&#8230;&#8230;&#8230;&#8230;&#8230;&#8230;&#8230;&#8230;&#8230;&#8230;&#8230;..20 mg<\/li>\n<\/ul>\n<p><strong>Indicaci\u00f3n<br \/>\n<\/strong><\/p>\n<p>HECOVIT \u00ae Complex proporciona nutrientes esenciales para el desarrollo y funcionamiento de ojos, piel y sistema inmune; adem\u00e1s de ayudar al organismo para el uso apropiado de carbohidratos, prote\u00ednas y l\u00edpidos.<\/p>\n<p>Prevenci\u00f3n de estados carenciales de vitaminas y minerales.<\/p>\n<p>Estados pasajeros de agotamiento, decaimiento y convalecencias.<\/p>\n<p><strong>Presentaci\u00f3n<br \/>\n<\/strong><\/p>\n<p>Caja conteniendo frasco con 30 tabletas recubiertas.<\/p>\n<p>Caja conteniendo frasco con 60 tabletas recubiertas.<\/p>\n","protected":false},"featured_media":1373,"template":"","meta":{"spay_email":""},"product_cat":[22],"product_tag":[],"_links":{"self":[{"href":"http:\/\/www.hcgrupo.com\/index.php?rest_route=\/wp\/v2\/product\/1372"}],"collection":[{"href":"http:\/\/www.hcgrupo.com\/index.php?rest_route=\/wp\/v2\/product"}],"about":[{"href":"http:\/\/www.hcgrupo.com\/index.php?rest_route=\/wp\/v2\/types\/product"}],"wp:featuredmedia":[{"embeddable":true,"href":"http:\/\/www.hcgrupo.com\/index.php?rest_route=\/wp\/v2\/media\/1373"}],"wp:attachment":[{"href":"http:\/\/www.hcgrupo.com\/index.php?rest_route=%2Fwp%2Fv2%2Fmedia&parent=1372"}],"wp:term":[{"taxonomy":"product_cat","embeddable":true,"href":"http:\/\/www.hcgrupo.com\/index.php?rest_route=%2Fwp%2Fv2%2Fproduct_cat&post=1372"},{"taxonomy":"product_tag","embeddable":true,"href":"http:\/\/www.hcgrupo.com\/index.php?rest_route=%2Fwp%2Fv2%2Fproduct_tag&post=1372"}],"curies":[{"name":"wp","href":"https:\/\/api.w.org\/{rel}","templated":true}]}}