{"id":1419,"date":"2021-11-08T17:46:29","date_gmt":"2021-11-08T17:46:29","guid":{"rendered":"http:\/\/www.hcgrupo.com\/?post_type=product&#038;p=1419"},"modified":"2021-11-08T17:47:56","modified_gmt":"2021-11-08T17:47:56","slug":"effaclar-k-2","status":"publish","type":"product","link":"http:\/\/www.hcgrupo.com\/?product=effaclar-k-2","title":{"rendered":"Effaclar K (+)"},"content":{"rendered":"","protected":false},"excerpt":{"rendered":"<p><strong>Informaci\u00f3n del Producto<\/strong><\/p>\n<ul>\n<li>Pieles mixtas y grasas.<\/li>\n<li>Especialmente formulado para piel adulta con imperfecciones, puntos negros y textura irregular.<\/li>\n<li>EFFACLAR K(+) combina el LHA micro-exfoliante con el complejo anti-oxidante y anti-sebo 8h: <strong>[VITAMINA E + CARNOSINA + AIRLICIUM&#x2122;]<\/strong><\/li>\n<li>Nueva textura aquagel ultra-fresca y no grasa de r\u00e1pida absorci\u00f3n.<\/li>\n<li>Hidrataci\u00f3n y confort durante el d\u00eda.<\/li>\n<li>No comedog\u00e9nico.<\/li>\n<\/ul>\n<p><strong>Modo de Uso<\/strong><\/p>\n<p>Textura fluida, no grasa, de r\u00e1pida absorci\u00f3n. Hidrataci\u00f3n y bienestar durante todo el d\u00eda. \u00a0Aplicar ma\u00f1ana y\/o noche por todo el rostro. Evitar el contorno de ojos. Excelente base de maquillaje. No comedog\u00e9nico<\/p>\n<p><strong>Contenido<\/strong><\/p>\n<ul>\n<li>40 ml.<\/li>\n<\/ul>\n","protected":false},"featured_media":1420,"template":"","meta":{"spay_email":""},"product_cat":[24],"product_tag":[],"_links":{"self":[{"href":"http:\/\/www.hcgrupo.com\/index.php?rest_route=\/wp\/v2\/product\/1419"}],"collection":[{"href":"http:\/\/www.hcgrupo.com\/index.php?rest_route=\/wp\/v2\/product"}],"about":[{"href":"http:\/\/www.hcgrupo.com\/index.php?rest_route=\/wp\/v2\/types\/product"}],"wp:featuredmedia":[{"embeddable":true,"href":"http:\/\/www.hcgrupo.com\/index.php?rest_route=\/wp\/v2\/media\/1420"}],"wp:attachment":[{"href":"http:\/\/www.hcgrupo.com\/index.php?rest_route=%2Fwp%2Fv2%2Fmedia&parent=1419"}],"wp:term":[{"taxonomy":"product_cat","embeddable":true,"href":"http:\/\/www.hcgrupo.com\/index.php?rest_route=%2Fwp%2Fv2%2Fproduct_cat&post=1419"},{"taxonomy":"product_tag","embeddable":true,"href":"http:\/\/www.hcgrupo.com\/index.php?rest_route=%2Fwp%2Fv2%2Fproduct_tag&post=1419"}],"curies":[{"name":"wp","href":"https:\/\/api.w.org\/{rel}","templated":true}]}}