{"id":1425,"date":"2021-11-08T17:53:04","date_gmt":"2021-11-08T17:53:04","guid":{"rendered":"http:\/\/www.hcgrupo.com\/?post_type=product&#038;p=1425"},"modified":"2021-11-08T17:54:04","modified_gmt":"2021-11-08T17:54:04","slug":"effaclar-concentrado-jabon-en-barra","status":"publish","type":"product","link":"http:\/\/www.hcgrupo.com\/?product=effaclar-concentrado-jabon-en-barra","title":{"rendered":"EFFACLAR CONCENTRADO JABON EN BARRA"},"content":{"rendered":"","protected":false},"excerpt":{"rendered":"<p><strong>Informaci\u00f3n del Producto<\/strong><\/p>\n<p><strong>EFFACLAR BARRA CONCENTRADA<\/strong> es un jab\u00f3n facial en barra que desobstruye los poros con una precisa y dirigida exfoliaci\u00f3n, ayuda a reducir el exceso de brillo e impurezas en la piel al combatir la sobreproducci\u00f3n de sebo<\/p>\n<p><strong>Modo de Uso<\/strong><\/p>\n<ul>\n<li>Aplicar sobre la piel h\u00fameda.<\/li>\n<li>Masajear suavemente.<\/li>\n<li>Enjuagar.<\/li>\n<li>Secar sin frotar.<\/li>\n<\/ul>\n<p><strong>Contenido<\/strong><\/p>\n<ul>\n<li>70 gr.<\/li>\n<\/ul>\n","protected":false},"featured_media":1426,"template":"","meta":{"spay_email":""},"product_cat":[24],"product_tag":[],"_links":{"self":[{"href":"http:\/\/www.hcgrupo.com\/index.php?rest_route=\/wp\/v2\/product\/1425"}],"collection":[{"href":"http:\/\/www.hcgrupo.com\/index.php?rest_route=\/wp\/v2\/product"}],"about":[{"href":"http:\/\/www.hcgrupo.com\/index.php?rest_route=\/wp\/v2\/types\/product"}],"wp:featuredmedia":[{"embeddable":true,"href":"http:\/\/www.hcgrupo.com\/index.php?rest_route=\/wp\/v2\/media\/1426"}],"wp:attachment":[{"href":"http:\/\/www.hcgrupo.com\/index.php?rest_route=%2Fwp%2Fv2%2Fmedia&parent=1425"}],"wp:term":[{"taxonomy":"product_cat","embeddable":true,"href":"http:\/\/www.hcgrupo.com\/index.php?rest_route=%2Fwp%2Fv2%2Fproduct_cat&post=1425"},{"taxonomy":"product_tag","embeddable":true,"href":"http:\/\/www.hcgrupo.com\/index.php?rest_route=%2Fwp%2Fv2%2Fproduct_tag&post=1425"}],"curies":[{"name":"wp","href":"https:\/\/api.w.org\/{rel}","templated":true}]}}