{"id":1444,"date":"2021-11-08T18:15:39","date_gmt":"2021-11-08T18:15:39","guid":{"rendered":"http:\/\/www.hcgrupo.com\/?post_type=product&#038;p=1444"},"modified":"2021-11-08T18:21:23","modified_gmt":"2021-11-08T18:21:23","slug":"hyalu-b5-ojos","status":"publish","type":"product","link":"http:\/\/www.hcgrupo.com\/?product=hyalu-b5-ojos","title":{"rendered":"Hyalu B5 Ojos"},"content":{"rendered":"","protected":false},"excerpt":{"rendered":"<p><strong>Informaci\u00f3n del Producto<\/strong><\/p>\n<ul>\n<li>Correcci\u00f3n anti-envejecimiento dermatol\u00f3gico que rellena las l\u00edneas de expresi\u00f3n del contorno de ojos en pieles sensibles. Tratamiento anti-arrugas que rellena y repara la piel del contorno de ojos dejando una mirada fresca.<\/li>\n<li>Textura pigmentada \u00fanica para una mirada fresca y una piel aterciopelada.<\/li>\n<\/ul>\n<p><strong>Modo de Uso<\/strong><\/p>\n<ul>\n<li>Aplicar ma\u00f1ana y noche en el contorno de los ojos.<\/li>\n<\/ul>\n<p><strong>Contenido<\/strong><\/p>\n<ul>\n<li>15 ml.<\/li>\n<\/ul>\n","protected":false},"featured_media":1445,"template":"","meta":{"spay_email":""},"product_cat":[24],"product_tag":[],"_links":{"self":[{"href":"http:\/\/www.hcgrupo.com\/index.php?rest_route=\/wp\/v2\/product\/1444"}],"collection":[{"href":"http:\/\/www.hcgrupo.com\/index.php?rest_route=\/wp\/v2\/product"}],"about":[{"href":"http:\/\/www.hcgrupo.com\/index.php?rest_route=\/wp\/v2\/types\/product"}],"wp:featuredmedia":[{"embeddable":true,"href":"http:\/\/www.hcgrupo.com\/index.php?rest_route=\/wp\/v2\/media\/1445"}],"wp:attachment":[{"href":"http:\/\/www.hcgrupo.com\/index.php?rest_route=%2Fwp%2Fv2%2Fmedia&parent=1444"}],"wp:term":[{"taxonomy":"product_cat","embeddable":true,"href":"http:\/\/www.hcgrupo.com\/index.php?rest_route=%2Fwp%2Fv2%2Fproduct_cat&post=1444"},{"taxonomy":"product_tag","embeddable":true,"href":"http:\/\/www.hcgrupo.com\/index.php?rest_route=%2Fwp%2Fv2%2Fproduct_tag&post=1444"}],"curies":[{"name":"wp","href":"https:\/\/api.w.org\/{rel}","templated":true}]}}