{"id":231,"date":"2020-11-08T19:41:00","date_gmt":"2020-11-08T19:41:00","guid":{"rendered":"http:\/\/www.hcgrupo.com\/?post_type=product&#038;p=231"},"modified":"2022-01-09T20:55:14","modified_gmt":"2022-01-09T20:55:14","slug":"estraplus","status":"publish","type":"product","link":"http:\/\/www.hcgrupo.com\/?product=estraplus","title":{"rendered":"ESTRAPL\u00daS"},"content":{"rendered":"","protected":false},"excerpt":{"rendered":"<p><strong>Acci\u00f3n Terap\u00e9utica<\/strong><\/p>\n<ul>\n<li>Broncodilatador beta 2 agonista adren\u00e9rgico de corta acci\u00f3n, asociado con un broncodilatador anticolin\u00e9rgico.<\/li>\n<\/ul>\n<p><strong>Principio Activo<\/strong><\/p>\n<ul>\n<li>Salbutamol (como Sulfato).<\/li>\n<li>Bromuro de Ipratropio.<\/li>\n<\/ul>\n<p><strong>F\u00f3rmula<\/strong><\/p>\n<ul>\n<li>Cada accionar de v\u00e1lvula suministra 20 mcg de Bromuro de Ipratropio y 100 mcg de Salbutamol (Como Sulfato).<\/li>\n<li>Contiene propelente que no afecta la capa de ozono.<\/li>\n<\/ul>\n<p><strong>Indicaci\u00f3n<\/strong><\/p>\n<ul>\n<li>Enfermedad Pulmonar Obstructiva Cr\u00f3nica (EPOC). Para la prevenci\u00f3n y tratamiento de trastornos cr\u00f3nicos de la v\u00eda a\u00e9rea con broncoespasmo reversible, incluyendo<br \/>\nbronquitis cr\u00f3nica, con o sin enfisema.<\/li>\n<\/ul>\n<p><strong>Presentaci\u00f3n<\/strong><\/p>\n<ul>\n<li>Envase de 200 dosis.<\/li>\n<\/ul>\n","protected":false},"featured_media":232,"template":"","meta":{"spay_email":""},"product_cat":[21],"product_tag":[],"_links":{"self":[{"href":"http:\/\/www.hcgrupo.com\/index.php?rest_route=\/wp\/v2\/product\/231"}],"collection":[{"href":"http:\/\/www.hcgrupo.com\/index.php?rest_route=\/wp\/v2\/product"}],"about":[{"href":"http:\/\/www.hcgrupo.com\/index.php?rest_route=\/wp\/v2\/types\/product"}],"wp:featuredmedia":[{"embeddable":true,"href":"http:\/\/www.hcgrupo.com\/index.php?rest_route=\/wp\/v2\/media\/232"}],"wp:attachment":[{"href":"http:\/\/www.hcgrupo.com\/index.php?rest_route=%2Fwp%2Fv2%2Fmedia&parent=231"}],"wp:term":[{"taxonomy":"product_cat","embeddable":true,"href":"http:\/\/www.hcgrupo.com\/index.php?rest_route=%2Fwp%2Fv2%2Fproduct_cat&post=231"},{"taxonomy":"product_tag","embeddable":true,"href":"http:\/\/www.hcgrupo.com\/index.php?rest_route=%2Fwp%2Fv2%2Fproduct_tag&post=231"}],"curies":[{"name":"wp","href":"https:\/\/api.w.org\/{rel}","templated":true}]}}