{"id":252,"date":"2020-11-08T21:14:37","date_gmt":"2020-11-08T21:14:37","guid":{"rendered":"http:\/\/www.hcgrupo.com\/?post_type=product&#038;p=252"},"modified":"2022-01-09T20:55:24","modified_gmt":"2022-01-09T20:55:24","slug":"ventiplus","status":"publish","type":"product","link":"http:\/\/www.hcgrupo.com\/?product=ventiplus","title":{"rendered":"VENTIPL\u00daS"},"content":{"rendered":"","protected":false},"excerpt":{"rendered":"<p><strong>Acci\u00f3n Terap\u00e9utica<\/strong><\/p>\n<ul>\n<li>Broncodilatador beta 2 agonista adren\u00e9rgico de corta acci\u00f3n. Medicaci\u00f3n de rescate.<\/li>\n<\/ul>\n<p><strong>Principio Activo<\/strong><\/p>\n<ul>\n<li>Salbutamol.<\/li>\n<\/ul>\n<p><strong>F\u00f3rmula<br \/>\n<\/strong><\/p>\n<ul>\n<li>Cada accionar de v\u00e1lvula suministra 100 mcg de Salbutamol (como sulfato), excipientes c.s.p.<\/li>\n<li>Contiene propelente que no afecta la capa de ozono.<\/li>\n<\/ul>\n<p><strong>Indicaci\u00f3n<br \/>\n<\/strong><\/p>\n<ul>\n<li>Broncodilatador de corta duraci\u00f3n y r\u00e1pido inicio de acci\u00f3n.<\/li>\n<li>Tratamiento y prevenci\u00f3n del broncoespasmo en pacientes con obstrucci\u00f3n reversible de la v\u00eda a\u00e9rea, incluye asma bronquial, bronquitis cr\u00f3nica, enfisema y fibrosis qu\u00edstica. Prevenci\u00f3n del broncoespasmo inducido por el ejercicio o por al\u00e9rgenos.<\/li>\n<\/ul>\n<p><strong>Presentaci\u00f3n<br \/>\n<\/strong><\/p>\n<ul>\n<li>Envases de 250 dosis.<\/li>\n<\/ul>\n","protected":false},"featured_media":253,"template":"","meta":{"spay_email":""},"product_cat":[21],"product_tag":[],"_links":{"self":[{"href":"http:\/\/www.hcgrupo.com\/index.php?rest_route=\/wp\/v2\/product\/252"}],"collection":[{"href":"http:\/\/www.hcgrupo.com\/index.php?rest_route=\/wp\/v2\/product"}],"about":[{"href":"http:\/\/www.hcgrupo.com\/index.php?rest_route=\/wp\/v2\/types\/product"}],"wp:featuredmedia":[{"embeddable":true,"href":"http:\/\/www.hcgrupo.com\/index.php?rest_route=\/wp\/v2\/media\/253"}],"wp:attachment":[{"href":"http:\/\/www.hcgrupo.com\/index.php?rest_route=%2Fwp%2Fv2%2Fmedia&parent=252"}],"wp:term":[{"taxonomy":"product_cat","embeddable":true,"href":"http:\/\/www.hcgrupo.com\/index.php?rest_route=%2Fwp%2Fv2%2Fproduct_cat&post=252"},{"taxonomy":"product_tag","embeddable":true,"href":"http:\/\/www.hcgrupo.com\/index.php?rest_route=%2Fwp%2Fv2%2Fproduct_tag&post=252"}],"curies":[{"name":"wp","href":"https:\/\/api.w.org\/{rel}","templated":true}]}}