{"id":258,"date":"2020-11-08T21:17:34","date_gmt":"2020-11-08T21:17:34","guid":{"rendered":"http:\/\/www.hcgrupo.com\/?post_type=product&#038;p=258"},"modified":"2022-01-09T20:55:30","modified_gmt":"2022-01-09T20:55:30","slug":"ventoxiplus","status":"publish","type":"product","link":"http:\/\/www.hcgrupo.com\/?product=ventoxiplus","title":{"rendered":"VENTOXIPL\u00daS"},"content":{"rendered":"","protected":false},"excerpt":{"rendered":"<p><strong>Acci\u00f3n Terap\u00e9utica<\/strong><\/p>\n<ul>\n<li>Broncodilatador beta 2 agonista adren\u00e9rgico de corta acci\u00f3n, asociado con corticoide.<\/li>\n<\/ul>\n<p><strong>Principio Activo<\/strong><\/p>\n<ul>\n<li>Salbutamol.<\/li>\n<li>Dipropionato de Beclometasona.<\/li>\n<\/ul>\n<p><strong>F\u00f3rmula<br \/>\n<\/strong><\/p>\n<ul>\n<li>Cada accionar de v\u00e1lvula suministra 100 mcg de Salbutamol (como Sulfato) m\u00e1s 50 mcg de Dipropionato de Beclometasona, excipientes c.s.p.<\/li>\n<li>Contiene propelente que no afecta la capa de ozono.<\/li>\n<\/ul>\n<p><strong>Indicaci\u00f3n<br \/>\n<\/strong><\/p>\n<ul>\n<li>Indicado para el tratamiento de mantenimiento del asma, bronquitis cr\u00f3nica, enfisema, o sea en aquellos pacientes que requieren dosis regulares de ambos f\u00e1rmacos para el tratamiento de la enfermedad obstructiva de la v\u00eda a\u00e9rea.<\/li>\n<\/ul>\n<p><strong>Presentaci\u00f3n<br \/>\n<\/strong><\/p>\n<ul>\n<li>Envases de 200 dosis.<\/li>\n<\/ul>\n","protected":false},"featured_media":259,"template":"","meta":{"spay_email":""},"product_cat":[21],"product_tag":[],"_links":{"self":[{"href":"http:\/\/www.hcgrupo.com\/index.php?rest_route=\/wp\/v2\/product\/258"}],"collection":[{"href":"http:\/\/www.hcgrupo.com\/index.php?rest_route=\/wp\/v2\/product"}],"about":[{"href":"http:\/\/www.hcgrupo.com\/index.php?rest_route=\/wp\/v2\/types\/product"}],"wp:featuredmedia":[{"embeddable":true,"href":"http:\/\/www.hcgrupo.com\/index.php?rest_route=\/wp\/v2\/media\/259"}],"wp:attachment":[{"href":"http:\/\/www.hcgrupo.com\/index.php?rest_route=%2Fwp%2Fv2%2Fmedia&parent=258"}],"wp:term":[{"taxonomy":"product_cat","embeddable":true,"href":"http:\/\/www.hcgrupo.com\/index.php?rest_route=%2Fwp%2Fv2%2Fproduct_cat&post=258"},{"taxonomy":"product_tag","embeddable":true,"href":"http:\/\/www.hcgrupo.com\/index.php?rest_route=%2Fwp%2Fv2%2Fproduct_tag&post=258"}],"curies":[{"name":"wp","href":"https:\/\/api.w.org\/{rel}","templated":true}]}}