{"id":289,"date":"2020-11-08T21:51:46","date_gmt":"2020-11-08T21:51:46","guid":{"rendered":"http:\/\/www.hcgrupo.com\/?post_type=product&#038;p=289"},"modified":"2020-12-14T20:21:11","modified_gmt":"2020-12-14T20:21:11","slug":"hecoton-50","status":"publish","type":"product","link":"http:\/\/www.hcgrupo.com\/?product=hecoton-50","title":{"rendered":"HECOTON 50"},"content":{"rendered":"","protected":false},"excerpt":{"rendered":"<p><strong>Acci\u00f3n Terap\u00e9utica<\/strong><\/p>\n<ul>\n<li>Diur\u00e9tico \u2013 Antihipertensivo.<\/li>\n<\/ul>\n<p><strong>Principio Activo<\/strong><\/p>\n<ul>\n<li>Clortalidona.<\/li>\n<\/ul>\n<p><strong>F\u00f3rmula<\/strong><\/p>\n<ul>\n<li>Cada comprimido contiene:\n<ul>\n<li>Clortalidona &#8230;&#8230;&#8230;&#8230;&#8230;&#8230;&#8230;&#8230;&#8230;&#8230;&#8230;&#8230;&#8230;&#8230;&#8230;&#8230;&#8230;&#8230;&#8230;&#8230;&#8230;. 50 mg<\/li>\n<li>Excipientes\u00a0\u00a0 &#8230;&#8230;&#8230;&#8230;&#8230;&#8230;&#8230;&#8230;&#8230;&#8230;&#8230;&#8230;&#8230;&#8230;&#8230;&#8230;&#8230;&#8230;&#8230;&#8230;&#8230;.. c.s.<\/li>\n<\/ul>\n<\/li>\n<\/ul>\n<p><strong>Indicaci\u00f3n<\/strong><\/p>\n<ul>\n<li>Edemas card\u00edacos, hep\u00e1ticos, renales, de causa venosa. Hipertensi\u00f3n arterial. Profilaxis y tratamiento de la gestosis tard\u00eda. Como coadyuvante en los tratamientos de la obesidad. Puede asociarse al empleo de inhibidores de la ECA.<\/li>\n<\/ul>\n<p><strong>Presentaci\u00f3n<\/strong><\/p>\n<ul>\n<li>Caja conteniendo 20 comprimidos.<\/li>\n<li>V\u00eda oral.<\/li>\n<\/ul>\n","protected":false},"featured_media":291,"template":"","meta":{"spay_email":""},"product_cat":[22],"product_tag":[],"_links":{"self":[{"href":"http:\/\/www.hcgrupo.com\/index.php?rest_route=\/wp\/v2\/product\/289"}],"collection":[{"href":"http:\/\/www.hcgrupo.com\/index.php?rest_route=\/wp\/v2\/product"}],"about":[{"href":"http:\/\/www.hcgrupo.com\/index.php?rest_route=\/wp\/v2\/types\/product"}],"wp:featuredmedia":[{"embeddable":true,"href":"http:\/\/www.hcgrupo.com\/index.php?rest_route=\/wp\/v2\/media\/291"}],"wp:attachment":[{"href":"http:\/\/www.hcgrupo.com\/index.php?rest_route=%2Fwp%2Fv2%2Fmedia&parent=289"}],"wp:term":[{"taxonomy":"product_cat","embeddable":true,"href":"http:\/\/www.hcgrupo.com\/index.php?rest_route=%2Fwp%2Fv2%2Fproduct_cat&post=289"},{"taxonomy":"product_tag","embeddable":true,"href":"http:\/\/www.hcgrupo.com\/index.php?rest_route=%2Fwp%2Fv2%2Fproduct_tag&post=289"}],"curies":[{"name":"wp","href":"https:\/\/api.w.org\/{rel}","templated":true}]}}