{"id":301,"date":"2020-11-08T21:57:11","date_gmt":"2020-11-08T21:57:11","guid":{"rendered":"http:\/\/www.hcgrupo.com\/?post_type=product&#038;p=301"},"modified":"2020-12-14T20:24:37","modified_gmt":"2020-12-14T20:24:37","slug":"letex-plus","status":"publish","type":"product","link":"http:\/\/www.hcgrupo.com\/?product=letex-plus","title":{"rendered":"LETEX PLUS"},"content":{"rendered":"","protected":false},"excerpt":{"rendered":"<p><strong>Acci\u00f3n Terap\u00e9utica<\/strong><\/p>\n<ul>\n<li>Analg\u00e9sico Antiinflamatorio.<\/li>\n<li>Relajante muscular.<\/li>\n<\/ul>\n<p><strong>Principio Activo<\/strong><\/p>\n<ul>\n<li>Meloxicam 15 mg.<\/li>\n<li>Pridinol Mesilato 4 mg.<\/li>\n<\/ul>\n<p><strong>F\u00f3rmula<\/strong><\/p>\n<ul>\n<li>Meloxicam&#8230;&#8230;&#8230;&#8230;&#8230;&#8230;&#8230;&#8230;&#8230;&#8230;&#8230;&#8230;&#8230;&#8230;. 15 mg.<\/li>\n<li>Pridinol mesilato&#8230;&#8230;&#8230;&#8230;&#8230;&#8230;&#8230;&#8230;&#8230;&#8230;&#8230;. 4 mg.<\/li>\n<li>Excipientes&#8230;&#8230;&#8230;&#8230;&#8230;&#8230;&#8230;&#8230;&#8230;&#8230;&#8230;&#8230;&#8230;&#8230;&#8230;.. c.s.<\/li>\n<\/ul>\n<p><strong>Indicaci\u00f3n<\/strong><\/p>\n<ul>\n<li>Procesos inflamatorios dolorosos con contracturas musculares asociadas; afecciones reum\u00e1ticas articulares y extrarticulares; periartritis de hombro (bursitis); fibrositis; mialgias, cervicalgia, c\u00e9rvicobraquialgia, dorsalgia, lumbalgia, ciatalgia; discopat\u00eda vertebral; tort\u00edcolis; traumatismos y esguinces.<\/li>\n<\/ul>\n<p><strong>Presentaci\u00f3n<\/strong><\/p>\n<ul>\n<li>Estuche conteniendo 20 comprimidos.<\/li>\n<\/ul>\n","protected":false},"featured_media":302,"template":"","meta":{"spay_email":""},"product_cat":[22],"product_tag":[],"_links":{"self":[{"href":"http:\/\/www.hcgrupo.com\/index.php?rest_route=\/wp\/v2\/product\/301"}],"collection":[{"href":"http:\/\/www.hcgrupo.com\/index.php?rest_route=\/wp\/v2\/product"}],"about":[{"href":"http:\/\/www.hcgrupo.com\/index.php?rest_route=\/wp\/v2\/types\/product"}],"wp:featuredmedia":[{"embeddable":true,"href":"http:\/\/www.hcgrupo.com\/index.php?rest_route=\/wp\/v2\/media\/302"}],"wp:attachment":[{"href":"http:\/\/www.hcgrupo.com\/index.php?rest_route=%2Fwp%2Fv2%2Fmedia&parent=301"}],"wp:term":[{"taxonomy":"product_cat","embeddable":true,"href":"http:\/\/www.hcgrupo.com\/index.php?rest_route=%2Fwp%2Fv2%2Fproduct_cat&post=301"},{"taxonomy":"product_tag","embeddable":true,"href":"http:\/\/www.hcgrupo.com\/index.php?rest_route=%2Fwp%2Fv2%2Fproduct_tag&post=301"}],"curies":[{"name":"wp","href":"https:\/\/api.w.org\/{rel}","templated":true}]}}