{"id":310,"date":"2020-11-08T22:02:29","date_gmt":"2020-11-08T22:02:29","guid":{"rendered":"http:\/\/www.hcgrupo.com\/?post_type=product&#038;p=310"},"modified":"2020-12-14T20:28:19","modified_gmt":"2020-12-14T20:28:19","slug":"omezol","status":"publish","type":"product","link":"http:\/\/www.hcgrupo.com\/?product=omezol","title":{"rendered":"OMEZOL"},"content":{"rendered":"","protected":false},"excerpt":{"rendered":"<p><strong>Acci\u00f3n Terap\u00e9utica<\/strong><\/p>\n<ul>\n<li>Inhibidor de la bomba de \u00e1cido g\u00e1strico.<\/li>\n<li>Agente antiulceroso.<\/li>\n<\/ul>\n<p><strong>Principio Activo<\/strong><\/p>\n<ul>\n<li>Omeprazol 20 mg.<\/li>\n<\/ul>\n<p><strong>F\u00f3rmula<\/strong><\/p>\n<ul>\n<li><strong>Cada c\u00e1psula de liberaci\u00f3n retardada contiene:<\/strong>\n<ul>\n<li>Omeprazol&#8230;&#8230;&#8230;&#8230;&#8230;&#8230;&#8230;&#8230;&#8230;&#8230;&#8230;&#8230;&#8230;&#8230;&#8230;&#8230;&#8230;20 mg.<\/li>\n<li>(Equivalente a 235,000 mg de Omeprazol 8,5%).<\/li>\n<\/ul>\n<\/li>\n<\/ul>\n<p><strong>Indicaci\u00f3n<\/strong><\/p>\n<ul>\n<li>Tratamiento de la dispepsia.<\/li>\n<li>Tratamiento y profilaxis del S\u00edndrome de reflujo gastro-esof\u00e1gico y s\u00edntomas asociados como ardor de pecho y esofagitis erosiva.<\/li>\n<li>Tratamiento de condiciones hipersecretorias g\u00e1stricas.<\/li>\n<li>Tratamiento del S\u00edndrome de Zollinger \u2013 Ellison Tratamiento de Mastocitosis sist\u00e9mica.<\/li>\n<li>Tratamiento de Adenoma endocrino m\u00faltiple.<\/li>\n<li>Tratamiento de \u00falcera p\u00e9ptica.<\/li>\n<li>Tratamiento de \u00falcera duodenal.<\/li>\n<li>Tratamiento adjunto de \u00falcera p\u00e9ptica asociada a Helicobacter pylori, en combinaci\u00f3n con Claritromicina (y Amoxicilina o Metronidazol).<\/li>\n<li>Profilaxis de hemorragia gastrointestinal superior.<\/li>\n<li>Tratamiento de \u00falcera p\u00e9ptica inducida por drogas anti-inflamatorias no esteroidales (AINEs).<\/li>\n<\/ul>\n<p><strong>\u00a0<\/strong><strong>Presentaci\u00f3n<\/strong><\/p>\n<ul>\n<li>Caja conteniendo 10 c\u00e1psulas de liberaci\u00f3n retardada.<\/li>\n<li>Caja conteniendo 30 c\u00e1psulas de liberaci\u00f3n retardada.<\/li>\n<\/ul>\n","protected":false},"featured_media":311,"template":"","meta":{"spay_email":""},"product_cat":[22],"product_tag":[],"_links":{"self":[{"href":"http:\/\/www.hcgrupo.com\/index.php?rest_route=\/wp\/v2\/product\/310"}],"collection":[{"href":"http:\/\/www.hcgrupo.com\/index.php?rest_route=\/wp\/v2\/product"}],"about":[{"href":"http:\/\/www.hcgrupo.com\/index.php?rest_route=\/wp\/v2\/types\/product"}],"wp:featuredmedia":[{"embeddable":true,"href":"http:\/\/www.hcgrupo.com\/index.php?rest_route=\/wp\/v2\/media\/311"}],"wp:attachment":[{"href":"http:\/\/www.hcgrupo.com\/index.php?rest_route=%2Fwp%2Fv2%2Fmedia&parent=310"}],"wp:term":[{"taxonomy":"product_cat","embeddable":true,"href":"http:\/\/www.hcgrupo.com\/index.php?rest_route=%2Fwp%2Fv2%2Fproduct_cat&post=310"},{"taxonomy":"product_tag","embeddable":true,"href":"http:\/\/www.hcgrupo.com\/index.php?rest_route=%2Fwp%2Fv2%2Fproduct_tag&post=310"}],"curies":[{"name":"wp","href":"https:\/\/api.w.org\/{rel}","templated":true}]}}