{"id":313,"date":"2020-11-08T22:04:19","date_gmt":"2020-11-08T22:04:19","guid":{"rendered":"http:\/\/www.hcgrupo.com\/?post_type=product&#038;p=313"},"modified":"2020-12-14T20:30:12","modified_gmt":"2020-12-14T20:30:12","slug":"sanet","status":"publish","type":"product","link":"http:\/\/www.hcgrupo.com\/?product=sanet","title":{"rendered":"SANET"},"content":{"rendered":"","protected":false},"excerpt":{"rendered":"<p><strong>Acci\u00f3n Terap\u00e9utica<\/strong><\/p>\n<ul>\n<li>Enzima proteol\u00edtica org\u00e1nica, con actividad antiinflamatoria, principalmente antiedematosa.<\/li>\n<\/ul>\n<p><strong>Principio Activo<\/strong><\/p>\n<ul>\n<li>Alfa amilasa.<\/li>\n<\/ul>\n<p><strong>F\u00f3rmula<\/strong><\/p>\n<ul>\n<li><strong>Cada comprimido recubierto contiene<\/strong>\n<ul>\n<li>Alfa amilasa (Equivalente a 75 mg)\u2026\u20263000 UFIP.<\/li>\n<li>Excipientes&#8230;&#8230;&#8230;&#8230;&#8230;&#8230;&#8230;&#8230;&#8230;&#8230;&#8230;&#8230;&#8230;&#8230;&#8230; c.s.<\/li>\n<\/ul>\n<\/li>\n<\/ul>\n<p><strong>Cada 5 ml de jarabe contiene<\/strong><\/p>\n<ul>\n<li>Alfa amilasa (Equivalente a 25 mg)\u2026.. 1000 UFIP.<\/li>\n<li>Excipientes&#8230;&#8230;&#8230;&#8230;&#8230;&#8230;&#8230;&#8230;&#8230;&#8230;&#8230;&#8230;&#8230;&#8230;&#8230;..c.s.<\/li>\n<\/ul>\n<p><strong>Indicaci\u00f3n<\/strong><\/p>\n<ul>\n<li>Se obtienen buenos resultados en lesiones traum\u00e1ticas, contusiones, hematomas, inflamaciones locales: abcesos, celulitis. Estados congestivos de la orofaringe (amigdalitis, faringitis, traque\u00edtis, laringitis).<\/li>\n<li>Lesiones operatorias: cirug\u00edas generales, ginecol\u00f3gicas, obst\u00e9tricas y post traum\u00e1ticas. En procesos inflamatorios de origen infeccioso, procesos edematosos, traumatismos simples.<\/li>\n<\/ul>\n<p><strong>Presentaci\u00f3n<\/strong><\/p>\n<ul>\n<li>S<strong>ANET Comprimidos recubiertos:<\/strong>\n<ul>\n<li>Caja conteniendo 12 y 30 comprimidos recubiertos.<\/li>\n<\/ul>\n<\/li>\n<li><strong>SANET Jarabe:<\/strong>\n<ul>\n<li>Caja conteniendo frasco x 125 ml.<\/li>\n<\/ul>\n<\/li>\n<\/ul>\n","protected":false},"featured_media":314,"template":"","meta":{"spay_email":""},"product_cat":[22],"product_tag":[],"_links":{"self":[{"href":"http:\/\/www.hcgrupo.com\/index.php?rest_route=\/wp\/v2\/product\/313"}],"collection":[{"href":"http:\/\/www.hcgrupo.com\/index.php?rest_route=\/wp\/v2\/product"}],"about":[{"href":"http:\/\/www.hcgrupo.com\/index.php?rest_route=\/wp\/v2\/types\/product"}],"wp:featuredmedia":[{"embeddable":true,"href":"http:\/\/www.hcgrupo.com\/index.php?rest_route=\/wp\/v2\/media\/314"}],"wp:attachment":[{"href":"http:\/\/www.hcgrupo.com\/index.php?rest_route=%2Fwp%2Fv2%2Fmedia&parent=313"}],"wp:term":[{"taxonomy":"product_cat","embeddable":true,"href":"http:\/\/www.hcgrupo.com\/index.php?rest_route=%2Fwp%2Fv2%2Fproduct_cat&post=313"},{"taxonomy":"product_tag","embeddable":true,"href":"http:\/\/www.hcgrupo.com\/index.php?rest_route=%2Fwp%2Fv2%2Fproduct_tag&post=313"}],"curies":[{"name":"wp","href":"https:\/\/api.w.org\/{rel}","templated":true}]}}