{"id":316,"date":"2020-11-08T22:05:56","date_gmt":"2020-11-08T22:05:56","guid":{"rendered":"http:\/\/www.hcgrupo.com\/?post_type=product&#038;p=316"},"modified":"2021-11-05T16:17:41","modified_gmt":"2021-11-05T16:17:41","slug":"serbinal","status":"publish","type":"product","link":"http:\/\/www.hcgrupo.com\/?product=serbinal","title":{"rendered":"SEBRINAL"},"content":{"rendered":"","protected":false},"excerpt":{"rendered":"<p><strong>Acci\u00f3n Terap\u00e9utica<\/strong><\/p>\n<ul>\n<li>Elimina pecas y manchas de la piel.<\/li>\n<\/ul>\n<p><strong>Principio Activo<\/strong><\/p>\n<ul>\n<li>Hidroquinona.<\/li>\n<\/ul>\n<p><strong>F\u00f3rmula<\/strong><\/p>\n<ul>\n<li><strong>SEBRINAL &#8211; Cada 100 g de crema contiene:<\/strong>\n<ul>\n<li>Hidroquinona&#8230;&#8230;&#8230;&#8230;&#8230;&#8230;&#8230;&#8230;&#8230;&#8230;&#8230;&#8230;&#8230;&#8230;.. 2 g.<\/li>\n<li>Excipientes&#8230;&#8230;&#8230;&#8230;&#8230;&#8230;&#8230;&#8230;&#8230;&#8230;&#8230;&#8230;&#8230;&#8230;&#8230;&#8230; c.s.<\/li>\n<\/ul>\n<\/li>\n<li><strong>SEBRINAL FORTE &#8211; Cada 100 g de crema contiene:<\/strong>\n<ul>\n<li>Hidroquinona\u2026&#8230;&#8230;&#8230;&#8230;&#8230;&#8230;&#8230;&#8230;&#8230;&#8230;&#8230;&#8230;&#8230;.. 4 g<\/li>\n<li>Excipientes&#8230;&#8230;&#8230;&#8230;&#8230;&#8230;&#8230;&#8230;&#8230;&#8230;&#8230;&#8230;&#8230;&#8230;&#8230;&#8230;. c.s.<\/li>\n<\/ul>\n<\/li>\n<\/ul>\n<p><strong>Indicaci\u00f3n<\/strong><\/p>\n<ul>\n<li>SEBRINAL y SEBRINAL FORTE son eficaces en la decoloraci\u00f3n de manchas cut\u00e1neas de diversa etiolog\u00eda como: pecas, manchas lentiginosas (solares), manchas seniles (dorso de la mano), melasma (m\u00e1scara de la gravidez o debida al uso de anticonceptivos orales), manchas post-inflamatorias (erisipela), cicatrices pigmentadas y otras.<\/li>\n<\/ul>\n<p><strong>Presentaci\u00f3n<\/strong><\/p>\n<ul>\n<li><strong>SEBRINAL:<\/strong> caja conteniendo pomo de 25 g.<\/li>\n<li><strong>SEBRINAL FORTE:<\/strong> caja conteniendo pomo de 60 g.<\/li>\n<\/ul>\n","protected":false},"featured_media":317,"template":"","meta":{"spay_email":""},"product_cat":[22],"product_tag":[],"_links":{"self":[{"href":"http:\/\/www.hcgrupo.com\/index.php?rest_route=\/wp\/v2\/product\/316"}],"collection":[{"href":"http:\/\/www.hcgrupo.com\/index.php?rest_route=\/wp\/v2\/product"}],"about":[{"href":"http:\/\/www.hcgrupo.com\/index.php?rest_route=\/wp\/v2\/types\/product"}],"wp:featuredmedia":[{"embeddable":true,"href":"http:\/\/www.hcgrupo.com\/index.php?rest_route=\/wp\/v2\/media\/317"}],"wp:attachment":[{"href":"http:\/\/www.hcgrupo.com\/index.php?rest_route=%2Fwp%2Fv2%2Fmedia&parent=316"}],"wp:term":[{"taxonomy":"product_cat","embeddable":true,"href":"http:\/\/www.hcgrupo.com\/index.php?rest_route=%2Fwp%2Fv2%2Fproduct_cat&post=316"},{"taxonomy":"product_tag","embeddable":true,"href":"http:\/\/www.hcgrupo.com\/index.php?rest_route=%2Fwp%2Fv2%2Fproduct_tag&post=316"}],"curies":[{"name":"wp","href":"https:\/\/api.w.org\/{rel}","templated":true}]}}