{"id":319,"date":"2020-11-08T22:07:49","date_gmt":"2020-11-08T22:07:49","guid":{"rendered":"http:\/\/www.hcgrupo.com\/?post_type=product&#038;p=319"},"modified":"2020-12-14T20:33:19","modified_gmt":"2020-12-14T20:33:19","slug":"sintos","status":"publish","type":"product","link":"http:\/\/www.hcgrupo.com\/?product=sintos","title":{"rendered":"SINTOS"},"content":{"rendered":"","protected":false},"excerpt":{"rendered":"<p><strong>Acci\u00f3n Terap\u00e9utica<\/strong><\/p>\n<ul>\n<li>Mucol\u00edtico, broncoespasmol\u00edtico, antitusivo.<\/li>\n<\/ul>\n<p><strong>Principio Activo<\/strong><\/p>\n<ul>\n<li>Hedera h\u00e9lix.<\/li>\n<\/ul>\n<p><strong>Formula<\/strong><\/p>\n<ul>\n<li>Cada 100 ml de soluci\u00f3n contiene:\n<ul>\n<li>Hedera H\u00e9lix\u2026\u2026\u2026\u2026\u2026\u2026\u2026\u2026\u2026\u2026\u2026\u2026\u2026\u2026\u2026\u2026\u2026\u2026.7,267 g.<\/li>\n<li>(Extracto L\u00edquido-Droga Vegetal: Extracto 1:1).<\/li>\n<li>Excipiente\u2026\u2026\u2026\u2026\u2026\u2026\u2026\u2026\u2026\u2026\u2026\u2026\u2026\u2026\u2026\u2026\u2026\u2026\u2026\u2026\u2026..c.s.<\/li>\n<\/ul>\n<\/li>\n<\/ul>\n<p><strong>Indicaci\u00f3n<\/strong><\/p>\n<ul>\n<li>SIN TOS soluci\u00f3n se emplea en el tratamiento sintom\u00e1tico de las afecciones inflamatorias de las v\u00edas respiratorias inferiores, produciendo una mejor tolerancia a la tos, un efecto broncodilatador y una m\u00e1s f\u00e1cil expulsi\u00f3n de flemas.<\/li>\n<\/ul>\n<p><strong>Presentaci\u00f3n<\/strong><\/p>\n<ul>\n<li>Frasco por 100 ml de soluci\u00f3n sin az\u00facar.<\/li>\n<li>Frasco por 200 ml de soluci\u00f3n sin az\u00facar.<\/li>\n<\/ul>\n","protected":false},"featured_media":320,"template":"","meta":{"spay_email":""},"product_cat":[22],"product_tag":[],"_links":{"self":[{"href":"http:\/\/www.hcgrupo.com\/index.php?rest_route=\/wp\/v2\/product\/319"}],"collection":[{"href":"http:\/\/www.hcgrupo.com\/index.php?rest_route=\/wp\/v2\/product"}],"about":[{"href":"http:\/\/www.hcgrupo.com\/index.php?rest_route=\/wp\/v2\/types\/product"}],"wp:featuredmedia":[{"embeddable":true,"href":"http:\/\/www.hcgrupo.com\/index.php?rest_route=\/wp\/v2\/media\/320"}],"wp:attachment":[{"href":"http:\/\/www.hcgrupo.com\/index.php?rest_route=%2Fwp%2Fv2%2Fmedia&parent=319"}],"wp:term":[{"taxonomy":"product_cat","embeddable":true,"href":"http:\/\/www.hcgrupo.com\/index.php?rest_route=%2Fwp%2Fv2%2Fproduct_cat&post=319"},{"taxonomy":"product_tag","embeddable":true,"href":"http:\/\/www.hcgrupo.com\/index.php?rest_route=%2Fwp%2Fv2%2Fproduct_tag&post=319"}],"curies":[{"name":"wp","href":"https:\/\/api.w.org\/{rel}","templated":true}]}}