{"id":334,"date":"2020-11-08T22:13:04","date_gmt":"2020-11-08T22:13:04","guid":{"rendered":"http:\/\/www.hcgrupo.com\/?post_type=product&#038;p=334"},"modified":"2020-12-14T20:36:18","modified_gmt":"2020-12-14T20:36:18","slug":"tricor","status":"publish","type":"product","link":"http:\/\/www.hcgrupo.com\/?product=tricor","title":{"rendered":"TRICOR"},"content":{"rendered":"","protected":false},"excerpt":{"rendered":"<p><strong>Acci\u00f3n Terap\u00e9utica<\/strong><\/p>\n<ul>\n<li>Antiparasitario &#8211; Giardicida \u2013 Tricomonicida.<\/li>\n<\/ul>\n<p><strong>Principio Activo<\/strong><\/p>\n<ul>\n<li>Tinidazol.<\/li>\n<\/ul>\n<p><strong>F\u00f3rmula<\/strong><\/p>\n<ul>\n<li>Cada comprimido recubierto contiene:\n<ul>\n<li>Tinidazol&#8230;&#8230;&#8230;&#8230;&#8230;&#8230;&#8230;&#8230;&#8230;&#8230;&#8230;&#8230;&#8230;&#8230;&#8230;&#8230;&#8230;&#8230;.. 500 mg.<\/li>\n<li>Excipientes &#8230;&#8230;&#8230;&#8230;&#8230;&#8230;&#8230;&#8230;&#8230;&#8230;&#8230;&#8230;&#8230;&#8230;&#8230;&#8230;&#8230;. c.s.<\/li>\n<\/ul>\n<\/li>\n<\/ul>\n<p><strong>Indicaciones<\/strong><\/p>\n<ul>\n<li>Tratamiento por v\u00eda oral de la vaginosis bacteriana, la tricomoniasis vaginal, la giardiasis y la amebiasis intestinal o hep\u00e1tica.<\/li>\n<li>Infecciones por anaerobios: intraabdominales, cerebrales, \u00f3seas, articulares, sinusales, pleuropulmonares, cut\u00e1neas y de partes blandas.<\/li>\n<li>Endocarditis.<\/li>\n<li>Tratamiento de periodontitis y gingivitis (asociado al tratamiento t\u00f3pico). Angina de Vincent.<\/li>\n<li>Profilaxis de infecciones postoperatorias causadas por bacterias anaerobias, especialmente aqu\u00e9llas asociadas con cirug\u00eda col\u00f3nica, gastrointestinal y ginecol\u00f3gica.<\/li>\n<li>Tratamiento de la diarrea por Clostridium difficile.<\/li>\n<\/ul>\n<p><strong>Presentaci\u00f3n<\/strong><\/p>\n<ul>\n<li>Caja conteniendo 8 comprimidos recubiertos.<\/li>\n<\/ul>\n","protected":false},"featured_media":335,"template":"","meta":{"spay_email":""},"product_cat":[22],"product_tag":[],"_links":{"self":[{"href":"http:\/\/www.hcgrupo.com\/index.php?rest_route=\/wp\/v2\/product\/334"}],"collection":[{"href":"http:\/\/www.hcgrupo.com\/index.php?rest_route=\/wp\/v2\/product"}],"about":[{"href":"http:\/\/www.hcgrupo.com\/index.php?rest_route=\/wp\/v2\/types\/product"}],"wp:featuredmedia":[{"embeddable":true,"href":"http:\/\/www.hcgrupo.com\/index.php?rest_route=\/wp\/v2\/media\/335"}],"wp:attachment":[{"href":"http:\/\/www.hcgrupo.com\/index.php?rest_route=%2Fwp%2Fv2%2Fmedia&parent=334"}],"wp:term":[{"taxonomy":"product_cat","embeddable":true,"href":"http:\/\/www.hcgrupo.com\/index.php?rest_route=%2Fwp%2Fv2%2Fproduct_cat&post=334"},{"taxonomy":"product_tag","embeddable":true,"href":"http:\/\/www.hcgrupo.com\/index.php?rest_route=%2Fwp%2Fv2%2Fproduct_tag&post=334"}],"curies":[{"name":"wp","href":"https:\/\/api.w.org\/{rel}","templated":true}]}}