{"id":374,"date":"2020-11-08T22:31:40","date_gmt":"2020-11-08T22:31:40","guid":{"rendered":"http:\/\/www.hcgrupo.com\/?post_type=product&#038;p=374"},"modified":"2022-01-09T20:47:10","modified_gmt":"2022-01-09T20:47:10","slug":"clorhexidina-gel-bioadhesivo","status":"publish","type":"product","link":"http:\/\/www.hcgrupo.com\/?product=clorhexidina-gel-bioadhesivo","title":{"rendered":"CLORHEXIDINA GEL BIOADHESIVO"},"content":{"rendered":"","protected":false},"excerpt":{"rendered":"<p><strong>Descripci\u00f3n del Producto<\/strong><\/p>\n<ul>\n<li>Gel Bioadhesivo Clorhexidina Lacer potencia la adherencia del principio activo sobre las superficies orales.<\/li>\n<\/ul>\n<p><strong>F\u00f3rmula<\/strong><\/p>\n<ul>\n<li>DIGLUCONATO DE CLORHEXIDINA 0,12%.<\/li>\n<li>XILITOL.<\/li>\n<\/ul>\n<p><strong>Beneficios del Producto<\/strong><\/p>\n<ul>\n<li>Gracias a su posibilidad de aplicaci\u00f3n en zonas puntuales, logra una mayor localizaci\u00f3n de la clorhexidina en su lugar de aplicaci\u00f3n.<\/li>\n<\/ul>\n<p><strong>Presentaci\u00f3n<\/strong><\/p>\n<ul>\n<li>Pomo de 50 ml.<\/li>\n<\/ul>\n","protected":false},"featured_media":375,"template":"","meta":{"spay_email":""},"product_cat":[23],"product_tag":[],"_links":{"self":[{"href":"http:\/\/www.hcgrupo.com\/index.php?rest_route=\/wp\/v2\/product\/374"}],"collection":[{"href":"http:\/\/www.hcgrupo.com\/index.php?rest_route=\/wp\/v2\/product"}],"about":[{"href":"http:\/\/www.hcgrupo.com\/index.php?rest_route=\/wp\/v2\/types\/product"}],"wp:featuredmedia":[{"embeddable":true,"href":"http:\/\/www.hcgrupo.com\/index.php?rest_route=\/wp\/v2\/media\/375"}],"wp:attachment":[{"href":"http:\/\/www.hcgrupo.com\/index.php?rest_route=%2Fwp%2Fv2%2Fmedia&parent=374"}],"wp:term":[{"taxonomy":"product_cat","embeddable":true,"href":"http:\/\/www.hcgrupo.com\/index.php?rest_route=%2Fwp%2Fv2%2Fproduct_cat&post=374"},{"taxonomy":"product_tag","embeddable":true,"href":"http:\/\/www.hcgrupo.com\/index.php?rest_route=%2Fwp%2Fv2%2Fproduct_tag&post=374"}],"curies":[{"name":"wp","href":"https:\/\/api.w.org\/{rel}","templated":true}]}}