{"id":378,"date":"2020-11-08T22:33:21","date_gmt":"2020-11-08T22:33:21","guid":{"rendered":"http:\/\/www.hcgrupo.com\/?post_type=product&#038;p=378"},"modified":"2021-11-05T16:46:26","modified_gmt":"2021-11-05T16:46:26","slug":"gingilacer-colutorio","status":"publish","type":"product","link":"http:\/\/www.hcgrupo.com\/?product=gingilacer-colutorio","title":{"rendered":"GINGILACER COLUTORIO"},"content":{"rendered":"","protected":false},"excerpt":{"rendered":"<p><strong>Descripci\u00f3n del Producto<\/strong><\/p>\n<ul>\n<li>Gingilacer Colutorio reduce significativamente el sangrado de enc\u00edas, causado por el cepillado dental.<\/li>\n<\/ul>\n<p><strong>F\u00f3rmula<\/strong><\/p>\n<ul>\n<li>ZINC CITRATE.<\/li>\n<li>ENOXOLONE.<\/li>\n<li>SODIUM MONOFLUOROPHOSPHATE.<\/li>\n<li>Otros activos.<\/li>\n<\/ul>\n<p><strong>Beneficios del Producto<\/strong><\/p>\n<ul>\n<li>GingiLacer Colutorio est\u00e1 tambi\u00e9n desarrollado para reducir la formaci\u00f3n de placa dental, restableciendo al mismo tiempo el buen estado de los tejidos gingivales.<\/li>\n<\/ul>\n<p><strong>Presentaci\u00f3n<\/strong><\/p>\n<ul>\n<li>Frasco de 200 ml.<\/li>\n<\/ul>\n","protected":false},"featured_media":379,"template":"","meta":{"spay_email":""},"product_cat":[23],"product_tag":[],"_links":{"self":[{"href":"http:\/\/www.hcgrupo.com\/index.php?rest_route=\/wp\/v2\/product\/378"}],"collection":[{"href":"http:\/\/www.hcgrupo.com\/index.php?rest_route=\/wp\/v2\/product"}],"about":[{"href":"http:\/\/www.hcgrupo.com\/index.php?rest_route=\/wp\/v2\/types\/product"}],"wp:featuredmedia":[{"embeddable":true,"href":"http:\/\/www.hcgrupo.com\/index.php?rest_route=\/wp\/v2\/media\/379"}],"wp:attachment":[{"href":"http:\/\/www.hcgrupo.com\/index.php?rest_route=%2Fwp%2Fv2%2Fmedia&parent=378"}],"wp:term":[{"taxonomy":"product_cat","embeddable":true,"href":"http:\/\/www.hcgrupo.com\/index.php?rest_route=%2Fwp%2Fv2%2Fproduct_cat&post=378"},{"taxonomy":"product_tag","embeddable":true,"href":"http:\/\/www.hcgrupo.com\/index.php?rest_route=%2Fwp%2Fv2%2Fproduct_tag&post=378"}],"curies":[{"name":"wp","href":"https:\/\/api.w.org\/{rel}","templated":true}]}}