{"id":384,"date":"2020-11-08T22:39:11","date_gmt":"2020-11-08T22:39:11","guid":{"rendered":"http:\/\/www.hcgrupo.com\/?post_type=product&#038;p=384"},"modified":"2021-11-05T16:46:20","modified_gmt":"2021-11-05T16:46:20","slug":"lacer-pro-comprimidos","status":"publish","type":"product","link":"http:\/\/www.hcgrupo.com\/?product=lacer-pro-comprimidos","title":{"rendered":"LacerPro Tabs"},"content":{"rendered":"","protected":false},"excerpt":{"rendered":"<p><strong>Descripci\u00f3n del Producto<\/strong><\/p>\n<ul>\n<li>Lacer Pro Comprimidos limpia de forma intensa la pr\u00f3tesis dental, llegando Incluso a aquellas zonas m\u00e1s dif\u00edciles de limpiar.<\/li>\n<\/ul>\n<p><strong>F\u00f3rmula<\/strong><\/p>\n<ul>\n<li>SODIUM BICARBONATE, POTASSIUM.<\/li>\n<li>MONOPERSULFATE, CITRIC ACID, LACTOSE.<\/li>\n<li>SODIUM CARBONATE, PVP\/VA COPOLYMER.<\/li>\n<li>SODIUM LAURYL SULFATE, PEPPERMINT.<\/li>\n<li>FLAVOUR, CI 73015.<\/li>\n<\/ul>\n<p><strong>Beneficios del Producto<\/strong><\/p>\n<ul>\n<li>Elimina las manchas de caf\u00e9, t\u00e9 y tabaco.<\/li>\n<li>Elimina los residuos de alimentos, previniendo la aparici\u00f3n de irritaciones en las enc\u00edas y previene la formaci\u00f3n de sarro<\/li>\n<li>Elimina el mal aliento ocasionado por los residuos acumulados en la pr\u00f3tesis.<\/li>\n<\/ul>\n<p><strong>Presentaci\u00f3n<\/strong><\/p>\n<ul>\n<li>32 comprimidos.<\/li>\n<\/ul>\n","protected":false},"featured_media":385,"template":"","meta":{"spay_email":""},"product_cat":[23],"product_tag":[],"_links":{"self":[{"href":"http:\/\/www.hcgrupo.com\/index.php?rest_route=\/wp\/v2\/product\/384"}],"collection":[{"href":"http:\/\/www.hcgrupo.com\/index.php?rest_route=\/wp\/v2\/product"}],"about":[{"href":"http:\/\/www.hcgrupo.com\/index.php?rest_route=\/wp\/v2\/types\/product"}],"wp:featuredmedia":[{"embeddable":true,"href":"http:\/\/www.hcgrupo.com\/index.php?rest_route=\/wp\/v2\/media\/385"}],"wp:attachment":[{"href":"http:\/\/www.hcgrupo.com\/index.php?rest_route=%2Fwp%2Fv2%2Fmedia&parent=384"}],"wp:term":[{"taxonomy":"product_cat","embeddable":true,"href":"http:\/\/www.hcgrupo.com\/index.php?rest_route=%2Fwp%2Fv2%2Fproduct_cat&post=384"},{"taxonomy":"product_tag","embeddable":true,"href":"http:\/\/www.hcgrupo.com\/index.php?rest_route=%2Fwp%2Fv2%2Fproduct_tag&post=384"}],"curies":[{"name":"wp","href":"https:\/\/api.w.org\/{rel}","templated":true}]}}