{"id":393,"date":"2020-11-08T22:44:14","date_gmt":"2020-11-08T22:44:14","guid":{"rendered":"http:\/\/www.hcgrupo.com\/?post_type=product&#038;p=393"},"modified":"2021-11-08T18:04:36","modified_gmt":"2021-11-08T18:04:36","slug":"agua-termal","status":"publish","type":"product","link":"http:\/\/www.hcgrupo.com\/?product=agua-termal","title":{"rendered":"Agua Termal"},"content":{"rendered":"","protected":false},"excerpt":{"rendered":"<p><strong>Informaci\u00f3n del Producto<\/strong><\/p>\n<ul>\n<li>Piel sensible y\/o irritada por los factores externos (sol, tratamientos dermatol\u00f3gicos, etc.)<\/li>\n<li>La combinaci\u00f3n \u00fanica de minerales y peque\u00f1as cantidades de otros elementos, como Selenio, hacen que el Agua Termal de La Roche-Posay sea reconocida cient\u00edficamente como calmante, suavizante y con propiedades antioxidantes. Su carta de formulaci\u00f3n estricta minimiza el riesgo de intolerancia. Adecuada para adultos y beb\u00e9s.<\/li>\n<\/ul>\n<p><strong>Modo de Uso<\/strong><\/p>\n<ul>\n<li>Dejar que el spray penetre en la piel durante 2-3 minutos.<\/li>\n<li>Elimina con suavidad el exceso de humedad.<\/li>\n<\/ul>\n<p><strong>Contenido<\/strong><\/p>\n<ul>\n<li>150 ml.<\/li>\n<li>300 ml.<\/li>\n<\/ul>\n","protected":false},"featured_media":394,"template":"","meta":{"spay_email":""},"product_cat":[24],"product_tag":[],"_links":{"self":[{"href":"http:\/\/www.hcgrupo.com\/index.php?rest_route=\/wp\/v2\/product\/393"}],"collection":[{"href":"http:\/\/www.hcgrupo.com\/index.php?rest_route=\/wp\/v2\/product"}],"about":[{"href":"http:\/\/www.hcgrupo.com\/index.php?rest_route=\/wp\/v2\/types\/product"}],"wp:featuredmedia":[{"embeddable":true,"href":"http:\/\/www.hcgrupo.com\/index.php?rest_route=\/wp\/v2\/media\/394"}],"wp:attachment":[{"href":"http:\/\/www.hcgrupo.com\/index.php?rest_route=%2Fwp%2Fv2%2Fmedia&parent=393"}],"wp:term":[{"taxonomy":"product_cat","embeddable":true,"href":"http:\/\/www.hcgrupo.com\/index.php?rest_route=%2Fwp%2Fv2%2Fproduct_cat&post=393"},{"taxonomy":"product_tag","embeddable":true,"href":"http:\/\/www.hcgrupo.com\/index.php?rest_route=%2Fwp%2Fv2%2Fproduct_tag&post=393"}],"curies":[{"name":"wp","href":"https:\/\/api.w.org\/{rel}","templated":true}]}}