{"id":417,"date":"2020-11-08T23:05:08","date_gmt":"2020-11-08T23:05:08","guid":{"rendered":"http:\/\/www.hcgrupo.com\/?post_type=product&#038;p=417"},"modified":"2021-11-05T16:43:15","modified_gmt":"2021-11-05T16:43:15","slug":"toallitas-intimas","status":"publish","type":"product","link":"http:\/\/www.hcgrupo.com\/?product=toallitas-intimas","title":{"rendered":"Toallitas Intimas"},"content":{"rendered":"","protected":false},"excerpt":{"rendered":"<p><strong>Descripci\u00f3n del Producto<\/strong><\/p>\n<ul>\n<li>Higiene \u00edntima: limpia y refresca suavemente en cualquier momento.<\/li>\n<\/ul>\n<p><strong>Principio Activo<\/strong><\/p>\n<ul>\n<li>Extracto de Bardana.<\/li>\n<\/ul>\n<p><strong>F\u00f3rmula<\/strong><\/p>\n<ul>\n<li>Aqua, Pentylene Glycol, Peg-40 Glyceryl Cocoate, Ppg-26 Buteth-26, Sodium Coceth Sulfate, Potassium Sorbate, Peg-40 Hydrogenated Castor Oil, Propylene Glycol, Parfum, Cinnamyl Alcohol, Citral, Citronellol, Coumarin, Limonene, Eugenol, Geraniol, Hydroxycitronellal, Linalool, Menthoxypropanediol, Caprylyl Glycol,\u00a0 Cyclopentasiloxane,\u00a0 Arctium Lappa Root Extract,\u00a0 Sodium Hydroxide.<\/li>\n<\/ul>\n<p><strong>Modo de Uso<\/strong><\/p>\n<ul>\n<li>Las toallitas \u00edntimas ultrasuaves Saforelle limpian y refrescan suavemente en cualquier momento (En movimiento, durante la menstruaci\u00f3n, despu\u00e9s del deporte, antes de una cita m\u00e9dica..).<\/li>\n<\/ul>\n<p><strong>Presentaci\u00f3n<\/strong><\/p>\n<ul>\n<li>Pocket de 10 unidades.<\/li>\n<\/ul>\n","protected":false},"featured_media":418,"template":"","meta":{"spay_email":""},"product_cat":[25],"product_tag":[],"_links":{"self":[{"href":"http:\/\/www.hcgrupo.com\/index.php?rest_route=\/wp\/v2\/product\/417"}],"collection":[{"href":"http:\/\/www.hcgrupo.com\/index.php?rest_route=\/wp\/v2\/product"}],"about":[{"href":"http:\/\/www.hcgrupo.com\/index.php?rest_route=\/wp\/v2\/types\/product"}],"wp:featuredmedia":[{"embeddable":true,"href":"http:\/\/www.hcgrupo.com\/index.php?rest_route=\/wp\/v2\/media\/418"}],"wp:attachment":[{"href":"http:\/\/www.hcgrupo.com\/index.php?rest_route=%2Fwp%2Fv2%2Fmedia&parent=417"}],"wp:term":[{"taxonomy":"product_cat","embeddable":true,"href":"http:\/\/www.hcgrupo.com\/index.php?rest_route=%2Fwp%2Fv2%2Fproduct_cat&post=417"},{"taxonomy":"product_tag","embeddable":true,"href":"http:\/\/www.hcgrupo.com\/index.php?rest_route=%2Fwp%2Fv2%2Fproduct_tag&post=417"}],"curies":[{"name":"wp","href":"https:\/\/api.w.org\/{rel}","templated":true}]}}