{"id":751,"date":"2020-12-14T21:06:56","date_gmt":"2020-12-14T21:06:56","guid":{"rendered":"http:\/\/www.hcgrupo.com\/?post_type=product&#038;p=751"},"modified":"2021-11-08T18:06:56","modified_gmt":"2021-11-08T18:06:56","slug":"la-roche-posay-pure-vitamin-c10-serum","status":"publish","type":"product","link":"http:\/\/www.hcgrupo.com\/?product=la-roche-posay-pure-vitamin-c10-serum","title":{"rendered":"La Roche-Posay Pure Vitamin C10 Serum"},"content":{"rendered":"","protected":false},"excerpt":{"rendered":"<p><strong>Informaci\u00f3n del Producto<\/strong><\/p>\n<ul>\n<li><strong>S\u00e9rum a base de vitamina C<\/strong>, ideal para iluminar la piel, restaurar la firmeza del rostro y corregir los signos m\u00e1s habituales de la edad tales como la p\u00e9rdida de elasticidad, el tono apagado o la pigmentaci\u00f3n del cutis. <strong>antioxidante, calmante e hidratante<\/strong> Apto para pieles sensibles.<\/li>\n<\/ul>\n<p><strong>Modo de Uso<\/strong><\/p>\n<ul>\n<li><strong>Apl\u00edcalo por la ma\u00f1ana sobre cara y el cuello<\/strong>, evitando el contorno de ojos. Es recomendable utilizarlo junto a un protector solar con SPF.<\/li>\n<\/ul>\n<p><strong>Contenido<\/strong><\/p>\n<ul>\n<li>30 ml.<\/li>\n<\/ul>\n","protected":false},"featured_media":1437,"template":"","meta":{"spay_email":""},"product_cat":[24],"product_tag":[],"_links":{"self":[{"href":"http:\/\/www.hcgrupo.com\/index.php?rest_route=\/wp\/v2\/product\/751"}],"collection":[{"href":"http:\/\/www.hcgrupo.com\/index.php?rest_route=\/wp\/v2\/product"}],"about":[{"href":"http:\/\/www.hcgrupo.com\/index.php?rest_route=\/wp\/v2\/types\/product"}],"wp:featuredmedia":[{"embeddable":true,"href":"http:\/\/www.hcgrupo.com\/index.php?rest_route=\/wp\/v2\/media\/1437"}],"wp:attachment":[{"href":"http:\/\/www.hcgrupo.com\/index.php?rest_route=%2Fwp%2Fv2%2Fmedia&parent=751"}],"wp:term":[{"taxonomy":"product_cat","embeddable":true,"href":"http:\/\/www.hcgrupo.com\/index.php?rest_route=%2Fwp%2Fv2%2Fproduct_cat&post=751"},{"taxonomy":"product_tag","embeddable":true,"href":"http:\/\/www.hcgrupo.com\/index.php?rest_route=%2Fwp%2Fv2%2Fproduct_tag&post=751"}],"curies":[{"name":"wp","href":"https:\/\/api.w.org\/{rel}","templated":true}]}}