{"id":753,"date":"2020-12-14T21:10:14","date_gmt":"2020-12-14T21:10:14","guid":{"rendered":"http:\/\/www.hcgrupo.com\/?post_type=product&#038;p=753"},"modified":"2021-11-08T17:20:49","modified_gmt":"2021-11-08T17:20:49","slug":"lipikar-lait","status":"publish","type":"product","link":"http:\/\/www.hcgrupo.com\/?product=lipikar-lait","title":{"rendered":"Lipikar Lait"},"content":{"rendered":"","protected":false},"excerpt":{"rendered":"<p><strong>Informaci\u00f3n del Producto<\/strong><\/p>\n<p><strong>LIPIKAR LECHE <\/strong>hidrata durante 48 horas, reduce la tirantez y restablece la elasticidad de la piel sensible. Desde beb\u00e9s hasta personas mayores.<\/p>\n<p><strong>Modo de Uso<\/strong><\/p>\n<ul>\n<li>Apl\u00edcalo en la piel una vez al d\u00eda tras la limpieza con un producto suave y sin jab\u00f3n.<\/li>\n<\/ul>\n<p><strong>Textura<\/strong><\/p>\n<ul>\n<li>Textura de f\u00e1cil absorci\u00f3n. Acabado no graso y no pegajoso.<\/li>\n<\/ul>\n<p><strong>Contenido<\/strong><\/p>\n<ul>\n<li>200 ml.<\/li>\n<\/ul>\n","protected":false},"featured_media":981,"template":"","meta":{"spay_email":""},"product_cat":[24],"product_tag":[],"_links":{"self":[{"href":"http:\/\/www.hcgrupo.com\/index.php?rest_route=\/wp\/v2\/product\/753"}],"collection":[{"href":"http:\/\/www.hcgrupo.com\/index.php?rest_route=\/wp\/v2\/product"}],"about":[{"href":"http:\/\/www.hcgrupo.com\/index.php?rest_route=\/wp\/v2\/types\/product"}],"wp:featuredmedia":[{"embeddable":true,"href":"http:\/\/www.hcgrupo.com\/index.php?rest_route=\/wp\/v2\/media\/981"}],"wp:attachment":[{"href":"http:\/\/www.hcgrupo.com\/index.php?rest_route=%2Fwp%2Fv2%2Fmedia&parent=753"}],"wp:term":[{"taxonomy":"product_cat","embeddable":true,"href":"http:\/\/www.hcgrupo.com\/index.php?rest_route=%2Fwp%2Fv2%2Fproduct_cat&post=753"},{"taxonomy":"product_tag","embeddable":true,"href":"http:\/\/www.hcgrupo.com\/index.php?rest_route=%2Fwp%2Fv2%2Fproduct_tag&post=753"}],"curies":[{"name":"wp","href":"https:\/\/api.w.org\/{rel}","templated":true}]}}