{"id":758,"date":"2020-12-14T21:18:50","date_gmt":"2020-12-14T21:18:50","guid":{"rendered":"http:\/\/www.hcgrupo.com\/?post_type=product&#038;p=758"},"modified":"2020-12-14T21:20:23","modified_gmt":"2020-12-14T21:20:23","slug":"cicaplast-levre-b5","status":"publish","type":"product","link":"http:\/\/www.hcgrupo.com\/?product=cicaplast-levre-b5","title":{"rendered":"Cicaplast Levre B5"},"content":{"rendered":"","protected":false},"excerpt":{"rendered":"<p><strong>Informaci\u00f3n del Producto<\/strong><\/p>\n<ul>\n<li>Testado en los labios m\u00e1s vulnerables. Este b\u00e1lsamo reparador efecto barrera, calma, protege y reconstruye la epidermis de las zonas agrietadas e irritadas de los labios; Gracias a una f\u00f3rmula filmog\u00e9nica in\u00e9dita ultra-confortable y protectora, concentrada en Panthenol calmante y reparador, enriquecida con MP-Lipidos y activos relipidizantes.<\/li>\n<\/ul>\n<p><strong>Modo de Uso<\/strong><\/p>\n<ul>\n<li>Aplicar tantas veces como sea necesario.<\/li>\n<\/ul>\n<p><strong>Contenido<\/strong><\/p>\n<ul>\n<li>7.5 ml.<\/li>\n<\/ul>\n","protected":false},"featured_media":759,"template":"","meta":{"spay_email":""},"product_cat":[24],"product_tag":[],"_links":{"self":[{"href":"http:\/\/www.hcgrupo.com\/index.php?rest_route=\/wp\/v2\/product\/758"}],"collection":[{"href":"http:\/\/www.hcgrupo.com\/index.php?rest_route=\/wp\/v2\/product"}],"about":[{"href":"http:\/\/www.hcgrupo.com\/index.php?rest_route=\/wp\/v2\/types\/product"}],"wp:featuredmedia":[{"embeddable":true,"href":"http:\/\/www.hcgrupo.com\/index.php?rest_route=\/wp\/v2\/media\/759"}],"wp:attachment":[{"href":"http:\/\/www.hcgrupo.com\/index.php?rest_route=%2Fwp%2Fv2%2Fmedia&parent=758"}],"wp:term":[{"taxonomy":"product_cat","embeddable":true,"href":"http:\/\/www.hcgrupo.com\/index.php?rest_route=%2Fwp%2Fv2%2Fproduct_cat&post=758"},{"taxonomy":"product_tag","embeddable":true,"href":"http:\/\/www.hcgrupo.com\/index.php?rest_route=%2Fwp%2Fv2%2Fproduct_tag&post=758"}],"curies":[{"name":"wp","href":"https:\/\/api.w.org\/{rel}","templated":true}]}}