{"id":761,"date":"2020-12-14T21:22:12","date_gmt":"2020-12-14T21:22:12","guid":{"rendered":"http:\/\/www.hcgrupo.com\/?post_type=product&#038;p=761"},"modified":"2020-12-14T21:23:27","modified_gmt":"2020-12-14T21:23:27","slug":"cicaplast-gel-reparador","status":"publish","type":"product","link":"http:\/\/www.hcgrupo.com\/?product=cicaplast-gel-reparador","title":{"rendered":"Cicaplast Gel Reparador"},"content":{"rendered":"","protected":false},"excerpt":{"rendered":"<p><strong>Informaci\u00f3n del Producto<\/strong><\/p>\n<ul>\n<li>Acelera la reconstrucci\u00f3n de la epidermis irritada y agrietada y despu\u00e9s de procedimientos dermatol\u00f3gicos menores.<\/li>\n<li>Cambios en la epidermis: irritaciones en la piel, sequedad, piel agrietada, despu\u00e9s de procedimientos dermatol\u00f3gicos. la funci\u00f3n de la barrera de la piel se repara m\u00e1s r\u00e1pidamente.<\/li>\n<\/ul>\n<p><strong>Modo de Uso<\/strong><\/p>\n<ul>\n<li class=\"content\" style=\"background: #fafafa;\"><span lang=\"ES-PA\" style=\"font-size: 11.0pt; font-family: 'Arial',sans-serif; color: #3e3e3e;\">Despu\u00e9s de tratamientos dermatol\u00f3gicos: seguir las indicaciones de tu dermat\u00f3logo.<\/span><\/li>\n<li class=\"content\" style=\"background: #fafafa;\"><span style=\"color: #3e3e3e; font-family: Arial, sans-serif; font-size: 11pt;\">Piel irritada, con zonas secas: dos veces al d\u00eda.<\/span><\/li>\n<li class=\"content\" style=\"background: #fafafa;\"><span style=\"color: #3e3e3e; font-family: Arial, sans-serif; font-size: 11pt;\">Piel agrietada: 3 veces al d\u00eda.<\/span><\/li>\n<li class=\"content\" style=\"background: #fafafa;\"><span style=\"color: #3e3e3e; font-family: Arial, sans-serif; font-size: 11pt;\">Para todas las aplicaciones: dos veces al d\u00eda.<\/span><\/li>\n<\/ul>\n<p><strong>Contenido<\/strong><\/p>\n<ul>\n<li>40 ml.<\/li>\n<\/ul>\n","protected":false},"featured_media":762,"template":"","meta":{"spay_email":""},"product_cat":[24],"product_tag":[],"_links":{"self":[{"href":"http:\/\/www.hcgrupo.com\/index.php?rest_route=\/wp\/v2\/product\/761"}],"collection":[{"href":"http:\/\/www.hcgrupo.com\/index.php?rest_route=\/wp\/v2\/product"}],"about":[{"href":"http:\/\/www.hcgrupo.com\/index.php?rest_route=\/wp\/v2\/types\/product"}],"wp:featuredmedia":[{"embeddable":true,"href":"http:\/\/www.hcgrupo.com\/index.php?rest_route=\/wp\/v2\/media\/762"}],"wp:attachment":[{"href":"http:\/\/www.hcgrupo.com\/index.php?rest_route=%2Fwp%2Fv2%2Fmedia&parent=761"}],"wp:term":[{"taxonomy":"product_cat","embeddable":true,"href":"http:\/\/www.hcgrupo.com\/index.php?rest_route=%2Fwp%2Fv2%2Fproduct_cat&post=761"},{"taxonomy":"product_tag","embeddable":true,"href":"http:\/\/www.hcgrupo.com\/index.php?rest_route=%2Fwp%2Fv2%2Fproduct_tag&post=761"}],"curies":[{"name":"wp","href":"https:\/\/api.w.org\/{rel}","templated":true}]}}