{"id":765,"date":"2020-12-14T21:26:12","date_gmt":"2020-12-14T21:26:12","guid":{"rendered":"http:\/\/www.hcgrupo.com\/?post_type=product&#038;p=765"},"modified":"2021-11-08T17:22:00","modified_gmt":"2021-11-08T17:22:00","slug":"lipikar-gel-lavant","status":"publish","type":"product","link":"http:\/\/www.hcgrupo.com\/?product=lipikar-gel-lavant","title":{"rendered":"Lipikar Gel Lavant"},"content":{"rendered":"","protected":false},"excerpt":{"rendered":"<p><strong>Informaci\u00f3n del Producto<\/strong><\/p>\n<p>Limpieza Ideal para pieles sensibles. Adultos, ni\u00f1os y beb\u00e9s. Adecuado para el cuero cabelludo y las zonas \u00edntimas. Con Niacinamida calmante y Manteca de Karit\u00e9 relipidizante para contribuir a la restauraci\u00f3n de la barrera cut\u00e1nea.<\/p>\n<p><strong>Modo de Uso<\/strong><\/p>\n<ul>\n<li>Aplicar a diario sobre la piel previamente humedecida del cuerpo y rostro.<\/li>\n<li>Masajear ligeramente.<\/li>\n<li>Aclarar.<\/li>\n<\/ul>\n<p><strong>Contenido<\/strong><\/p>\n<ul>\n<li>200 ml.<\/li>\n<\/ul>\n","protected":false},"featured_media":766,"template":"","meta":{"spay_email":""},"product_cat":[24],"product_tag":[],"_links":{"self":[{"href":"http:\/\/www.hcgrupo.com\/index.php?rest_route=\/wp\/v2\/product\/765"}],"collection":[{"href":"http:\/\/www.hcgrupo.com\/index.php?rest_route=\/wp\/v2\/product"}],"about":[{"href":"http:\/\/www.hcgrupo.com\/index.php?rest_route=\/wp\/v2\/types\/product"}],"wp:featuredmedia":[{"embeddable":true,"href":"http:\/\/www.hcgrupo.com\/index.php?rest_route=\/wp\/v2\/media\/766"}],"wp:attachment":[{"href":"http:\/\/www.hcgrupo.com\/index.php?rest_route=%2Fwp%2Fv2%2Fmedia&parent=765"}],"wp:term":[{"taxonomy":"product_cat","embeddable":true,"href":"http:\/\/www.hcgrupo.com\/index.php?rest_route=%2Fwp%2Fv2%2Fproduct_cat&post=765"},{"taxonomy":"product_tag","embeddable":true,"href":"http:\/\/www.hcgrupo.com\/index.php?rest_route=%2Fwp%2Fv2%2Fproduct_tag&post=765"}],"curies":[{"name":"wp","href":"https:\/\/api.w.org\/{rel}","templated":true}]}}