{"id":767,"date":"2020-12-14T21:27:39","date_gmt":"2020-12-14T21:27:39","guid":{"rendered":"http:\/\/www.hcgrupo.com\/?post_type=product&#038;p=767"},"modified":"2020-12-14T21:30:24","modified_gmt":"2020-12-14T21:30:24","slug":"lipikar-syndet-ap","status":"publish","type":"product","link":"http:\/\/www.hcgrupo.com\/?product=lipikar-syndet-ap","title":{"rendered":"Lipikar Syndet AP+"},"content":{"rendered":"","protected":false},"excerpt":{"rendered":"<p><strong>Informaci\u00f3n del Producto<\/strong><\/p>\n<ul>\n<li>LIPIKAR Syndet AP+ es una crema de ducha para pieles con tendencia at\u00f3pica con una f\u00f3rmula ultrasuave, enriquecida con manteca de karit\u00e9 y niacinamida, asociada al Aqua Posae Filiformis, un nuevo y exclusivo ingrediente activo patentado para act\u00faar en los factores determinantes de la piel con tendencia at\u00f3pica.<\/li>\n<li>Sin perfume. Testado bajo control pedi\u00e1trico.\u00a0 \u00a0Testado bajo supervisi\u00f3n oftalmol\u00f3gica. Alta tolerancia. Hipoalerg\u00e9nico.<\/li>\n<\/ul>\n<p><strong>Beneficios del Producto<\/strong><\/p>\n<ul>\n<li>Calma la piel inmediatamente.<\/li>\n<li>Eficacia antipicor.<\/li>\n<li>Hidrata durante 24h.<\/li>\n<li>Deja una sensaci\u00f3n de alivio en la piel para el 93% de los encuestados.<\/li>\n<li>Deja la piel suave para el 96%.<\/li>\n<\/ul>\n<p><strong>Modo de Uso<\/strong><\/p>\n<ul>\n<li>Aplicar una peque\u00f1a cantidad de LIPIKAR SYNDET AP+ en la palma de la mano Aplicar sobre la piel h\u00fameda.<\/li>\n<li>Masajear suavemente.<\/li>\n<li>Aclarar.<\/li>\n<li>No pica en los ojos.<\/li>\n<\/ul>\n<p><strong>Contenido<\/strong><\/p>\n<ul>\n<li>200 ml.<\/li>\n<li>400 ml.<\/li>\n<\/ul>\n","protected":false},"featured_media":768,"template":"","meta":{"spay_email":""},"product_cat":[24],"product_tag":[],"_links":{"self":[{"href":"http:\/\/www.hcgrupo.com\/index.php?rest_route=\/wp\/v2\/product\/767"}],"collection":[{"href":"http:\/\/www.hcgrupo.com\/index.php?rest_route=\/wp\/v2\/product"}],"about":[{"href":"http:\/\/www.hcgrupo.com\/index.php?rest_route=\/wp\/v2\/types\/product"}],"wp:featuredmedia":[{"embeddable":true,"href":"http:\/\/www.hcgrupo.com\/index.php?rest_route=\/wp\/v2\/media\/768"}],"wp:attachment":[{"href":"http:\/\/www.hcgrupo.com\/index.php?rest_route=%2Fwp%2Fv2%2Fmedia&parent=767"}],"wp:term":[{"taxonomy":"product_cat","embeddable":true,"href":"http:\/\/www.hcgrupo.com\/index.php?rest_route=%2Fwp%2Fv2%2Fproduct_cat&post=767"},{"taxonomy":"product_tag","embeddable":true,"href":"http:\/\/www.hcgrupo.com\/index.php?rest_route=%2Fwp%2Fv2%2Fproduct_tag&post=767"}],"curies":[{"name":"wp","href":"https:\/\/api.w.org\/{rel}","templated":true}]}}