{"id":770,"date":"2020-12-14T21:30:37","date_gmt":"2020-12-14T21:30:37","guid":{"rendered":"http:\/\/www.hcgrupo.com\/?post_type=product&#038;p=770"},"modified":"2020-12-14T21:53:19","modified_gmt":"2020-12-14T21:53:19","slug":"lipikar-stick-ap","status":"publish","type":"product","link":"http:\/\/www.hcgrupo.com\/?product=lipikar-stick-ap","title":{"rendered":"Lipikar Stick AP+"},"content":{"rendered":"","protected":false},"excerpt":{"rendered":"<p><strong>Informaci\u00f3n del Producto<\/strong><\/p>\n<ul>\n<li>Piel muy seca e irritada, con picores que provocan el rascado. Sequedad extrema y con tendencias al\u00e9rgicas.<\/li>\n<li>Piel sensible y con tendencia at\u00f3pica. Beb\u00e9s, ni\u00f1os y adultos, Alivio inmediato del picor.<\/li>\n<\/ul>\n<p><strong>Modo de Uso<\/strong><\/p>\n<ul>\n<li>Aplicarlo tantas veces al d\u00eda como sea necesario, cuando se sufra picor.<\/li>\n<\/ul>\n<p><strong>Contenido<\/strong><\/p>\n<ul>\n<li>15 ml.<\/li>\n<\/ul>\n","protected":false},"featured_media":771,"template":"","meta":{"spay_email":""},"product_cat":[24],"product_tag":[],"_links":{"self":[{"href":"http:\/\/www.hcgrupo.com\/index.php?rest_route=\/wp\/v2\/product\/770"}],"collection":[{"href":"http:\/\/www.hcgrupo.com\/index.php?rest_route=\/wp\/v2\/product"}],"about":[{"href":"http:\/\/www.hcgrupo.com\/index.php?rest_route=\/wp\/v2\/types\/product"}],"wp:featuredmedia":[{"embeddable":true,"href":"http:\/\/www.hcgrupo.com\/index.php?rest_route=\/wp\/v2\/media\/771"}],"wp:attachment":[{"href":"http:\/\/www.hcgrupo.com\/index.php?rest_route=%2Fwp%2Fv2%2Fmedia&parent=770"}],"wp:term":[{"taxonomy":"product_cat","embeddable":true,"href":"http:\/\/www.hcgrupo.com\/index.php?rest_route=%2Fwp%2Fv2%2Fproduct_cat&post=770"},{"taxonomy":"product_tag","embeddable":true,"href":"http:\/\/www.hcgrupo.com\/index.php?rest_route=%2Fwp%2Fv2%2Fproduct_tag&post=770"}],"curies":[{"name":"wp","href":"https:\/\/api.w.org\/{rel}","templated":true}]}}