{"id":772,"date":"2020-12-14T21:55:32","date_gmt":"2020-12-14T21:55:32","guid":{"rendered":"http:\/\/www.hcgrupo.com\/?post_type=product&#038;p=772"},"modified":"2021-11-08T17:48:59","modified_gmt":"2021-11-08T17:48:59","slug":"effaclar-k","status":"publish","type":"product","link":"http:\/\/www.hcgrupo.com\/?product=effaclar-k","title":{"rendered":"Effaclar Mat"},"content":{"rendered":"","protected":false},"excerpt":{"rendered":"<p><strong>Informaci\u00f3n del Producto<\/strong><\/p>\n<p>Hidrata y matifica. D\u00eda a d\u00eda, la textura de la piel se afina, se reduce el tama\u00f1o de los poros y disminuye el exceso de sebo.<\/p>\n<p><strong>Sebulyse<\/strong>, un nuevo ingrediente activo sebo-regulador m\u00e1s potente que el zinc, elegido por su capacidad para inhibir la producci\u00f3n de sebo desde el origen.<\/p>\n<p><strong>Textura oil-free<\/strong>\u00a0enriquecida con esferas micro-absorbentes y perlite para una piel mate al instante.<\/p>\n<p><strong>Modo de Uso<\/strong><\/p>\n<p>Textura no grasa, absorbente. Efecto matificante de larga duraci\u00f3n. Aplicar de ma\u00f1ana y\/o noche en todo el rostro. Evitar el contorno de los ojos. Excelente base de maquillaje. No comedog\u00e9nico. Testado bajo control dermatol\u00f3gico.<\/p>\n<p><strong>Contenido<\/strong><\/p>\n<ul>\n<li>40 ml.<\/li>\n<\/ul>\n","protected":false},"featured_media":775,"template":"","meta":{"spay_email":""},"product_cat":[24],"product_tag":[],"_links":{"self":[{"href":"http:\/\/www.hcgrupo.com\/index.php?rest_route=\/wp\/v2\/product\/772"}],"collection":[{"href":"http:\/\/www.hcgrupo.com\/index.php?rest_route=\/wp\/v2\/product"}],"about":[{"href":"http:\/\/www.hcgrupo.com\/index.php?rest_route=\/wp\/v2\/types\/product"}],"wp:featuredmedia":[{"embeddable":true,"href":"http:\/\/www.hcgrupo.com\/index.php?rest_route=\/wp\/v2\/media\/775"}],"wp:attachment":[{"href":"http:\/\/www.hcgrupo.com\/index.php?rest_route=%2Fwp%2Fv2%2Fmedia&parent=772"}],"wp:term":[{"taxonomy":"product_cat","embeddable":true,"href":"http:\/\/www.hcgrupo.com\/index.php?rest_route=%2Fwp%2Fv2%2Fproduct_cat&post=772"},{"taxonomy":"product_tag","embeddable":true,"href":"http:\/\/www.hcgrupo.com\/index.php?rest_route=%2Fwp%2Fv2%2Fproduct_tag&post=772"}],"curies":[{"name":"wp","href":"https:\/\/api.w.org\/{rel}","templated":true}]}}