{"id":781,"date":"2020-12-15T15:57:39","date_gmt":"2020-12-15T15:57:39","guid":{"rendered":"http:\/\/www.hcgrupo.com\/?post_type=product&#038;p=781"},"modified":"2021-11-08T17:36:25","modified_gmt":"2021-11-08T17:36:25","slug":"effaclar-serum-30ml","status":"publish","type":"product","link":"http:\/\/www.hcgrupo.com\/?product=effaclar-serum-30ml","title":{"rendered":"Effaclar Serum 30ml"},"content":{"rendered":"","protected":false},"excerpt":{"rendered":"<p><strong>Informaci\u00f3n del Producto<\/strong><\/p>\n<p>Suero facial ultra concentrado para adultos con piel propensa al acn\u00e9 y signos de envejecimiento, formulado con \u00e1cido salic\u00edlico, LHA, \u00e1cido glic\u00f3lico y nicacinamida.<\/p>\n<p><strong>Beneficios del Producto<\/strong><\/p>\n<p>Equilibrio perfecto entre una acci\u00f3n peeling diaria, calmante y anti-edad. Effaclar Serum desobstruye los poros y corrige imperfecciones y marcas persistentes d\u00eda tras d\u00eda, con eficacia visible desde la primera ma\u00f1ana.<\/p>\n<p><strong>Modo de Uso<\/strong><\/p>\n<p>Aplicar en todo el rostro por la noche, tras limpiar la piel con Effaclar Gel o Effaclar Gel Purificante Micro-exfoliante seg\u00fan la severidad de tus imperfecciones. Puede usarse solo en combinaci\u00f3n con el tratamiento habitual.<\/p>\n<p><strong>Contenido<\/strong><\/p>\n<ul>\n<li>30 ml.<\/li>\n<\/ul>\n","protected":false},"featured_media":1415,"template":"","meta":{"spay_email":""},"product_cat":[24],"product_tag":[],"_links":{"self":[{"href":"http:\/\/www.hcgrupo.com\/index.php?rest_route=\/wp\/v2\/product\/781"}],"collection":[{"href":"http:\/\/www.hcgrupo.com\/index.php?rest_route=\/wp\/v2\/product"}],"about":[{"href":"http:\/\/www.hcgrupo.com\/index.php?rest_route=\/wp\/v2\/types\/product"}],"wp:featuredmedia":[{"embeddable":true,"href":"http:\/\/www.hcgrupo.com\/index.php?rest_route=\/wp\/v2\/media\/1415"}],"wp:attachment":[{"href":"http:\/\/www.hcgrupo.com\/index.php?rest_route=%2Fwp%2Fv2%2Fmedia&parent=781"}],"wp:term":[{"taxonomy":"product_cat","embeddable":true,"href":"http:\/\/www.hcgrupo.com\/index.php?rest_route=%2Fwp%2Fv2%2Fproduct_cat&post=781"},{"taxonomy":"product_tag","embeddable":true,"href":"http:\/\/www.hcgrupo.com\/index.php?rest_route=%2Fwp%2Fv2%2Fproduct_tag&post=781"}],"curies":[{"name":"wp","href":"https:\/\/api.w.org\/{rel}","templated":true}]}}