{"id":788,"date":"2020-12-15T16:01:22","date_gmt":"2020-12-15T16:01:22","guid":{"rendered":"http:\/\/www.hcgrupo.com\/?post_type=product&#038;p=788"},"modified":"2021-11-08T17:19:34","modified_gmt":"2021-11-08T17:19:34","slug":"lipikar-baume-apm","status":"publish","type":"product","link":"http:\/\/www.hcgrupo.com\/?product=lipikar-baume-apm","title":{"rendered":"Lipikar Baume AP+M"},"content":{"rendered":"","protected":false},"excerpt":{"rendered":"<p><strong>Informaci\u00f3n del Producto<\/strong><\/p>\n<p>El <strong>NUEVO LIPIKAR Baume AP+M <\/strong><strong>ayuda <\/strong>a reequilibrar el <strong>Microbioma<\/strong> de la piel. Calma la piel inmediatamente y reduce el picor. Gracias a su eficacia anti-reaparici\u00f3n, espacia los brotes de sequedad severa. Nutre la piel y restaura la barrera cut\u00e1nea. Formulado para la piel muy seca, con tendencia al eczema at\u00f3pico o a alergias de beb\u00e9s, ni\u00f1os y adultos.<\/p>\n<p><strong>Modo de Uso<\/strong><\/p>\n<p>Apl\u00edcalo en el rostro y el cuerpo una vez al d\u00eda. Se absorbe r\u00e1pidamente para facilitar y acelerar la aplicaci\u00f3n diaria. Acabado no graso y no pegajoso.<br \/>\nPara unos mejores resultados, usa LIPIKAR Syndet como limpiador de uso diario y Stick AP+ durante el d\u00eda para calmar los picores.<\/p>\n<p><strong>Contenido<\/strong><\/p>\n<ul>\n<li>200 ml.<\/li>\n<\/ul>\n","protected":false},"featured_media":789,"template":"","meta":{"spay_email":""},"product_cat":[24],"product_tag":[],"_links":{"self":[{"href":"http:\/\/www.hcgrupo.com\/index.php?rest_route=\/wp\/v2\/product\/788"}],"collection":[{"href":"http:\/\/www.hcgrupo.com\/index.php?rest_route=\/wp\/v2\/product"}],"about":[{"href":"http:\/\/www.hcgrupo.com\/index.php?rest_route=\/wp\/v2\/types\/product"}],"wp:featuredmedia":[{"embeddable":true,"href":"http:\/\/www.hcgrupo.com\/index.php?rest_route=\/wp\/v2\/media\/789"}],"wp:attachment":[{"href":"http:\/\/www.hcgrupo.com\/index.php?rest_route=%2Fwp%2Fv2%2Fmedia&parent=788"}],"wp:term":[{"taxonomy":"product_cat","embeddable":true,"href":"http:\/\/www.hcgrupo.com\/index.php?rest_route=%2Fwp%2Fv2%2Fproduct_cat&post=788"},{"taxonomy":"product_tag","embeddable":true,"href":"http:\/\/www.hcgrupo.com\/index.php?rest_route=%2Fwp%2Fv2%2Fproduct_tag&post=788"}],"curies":[{"name":"wp","href":"https:\/\/api.w.org\/{rel}","templated":true}]}}