{"id":792,"date":"2020-12-15T16:04:55","date_gmt":"2020-12-15T16:04:55","guid":{"rendered":"http:\/\/www.hcgrupo.com\/?post_type=product&#038;p=792"},"modified":"2021-11-08T17:56:00","modified_gmt":"2021-11-08T17:56:00","slug":"anthelios-toque-seco-spf50","status":"publish","type":"product","link":"http:\/\/www.hcgrupo.com\/?product=anthelios-toque-seco-spf50","title":{"rendered":"Anthelios Toque Seco SPF50+"},"content":{"rendered":"","protected":false},"excerpt":{"rendered":"<p><strong>Informaci\u00f3n del Producto<\/strong><\/p>\n<ul>\n<li>Muy alta protecci\u00f3n solar contra rayos UVA\/UVB, ayuda a prevenir manchas y arrugas prematuras.<\/li>\n<li>Ideal para pieles mixtas a grasas.<\/li>\n<li>No deja marcas blancas. Resistente al agua.<\/li>\n<li>Textura de toque seco: doble acci\u00f3n anti-brillo, con acabado ultra seco y de absorci\u00f3n inmediata.<\/li>\n<\/ul>\n<p><strong>Modo de Uso<\/strong><\/p>\n<ul>\n<li>Para uso en rostro. Aplicar justo antes de la exposici\u00f3n solar.<\/li>\n<li>Re-aplicar frecuentemente durante el d\u00eda para mantener la protecci\u00f3n, especialmente despu\u00e9s de la transpiraci\u00f3n o el haber usado una toalla.<\/li>\n<li>Cada 4 horas en la playa y cada 6 horas en la ciudad.<\/li>\n<\/ul>\n<p><strong>Contenido<\/strong><\/p>\n<ul>\n<li>50 ml.<\/li>\n<\/ul>\n","protected":false},"featured_media":1428,"template":"","meta":{"spay_email":""},"product_cat":[24],"product_tag":[],"_links":{"self":[{"href":"http:\/\/www.hcgrupo.com\/index.php?rest_route=\/wp\/v2\/product\/792"}],"collection":[{"href":"http:\/\/www.hcgrupo.com\/index.php?rest_route=\/wp\/v2\/product"}],"about":[{"href":"http:\/\/www.hcgrupo.com\/index.php?rest_route=\/wp\/v2\/types\/product"}],"wp:featuredmedia":[{"embeddable":true,"href":"http:\/\/www.hcgrupo.com\/index.php?rest_route=\/wp\/v2\/media\/1428"}],"wp:attachment":[{"href":"http:\/\/www.hcgrupo.com\/index.php?rest_route=%2Fwp%2Fv2%2Fmedia&parent=792"}],"wp:term":[{"taxonomy":"product_cat","embeddable":true,"href":"http:\/\/www.hcgrupo.com\/index.php?rest_route=%2Fwp%2Fv2%2Fproduct_cat&post=792"},{"taxonomy":"product_tag","embeddable":true,"href":"http:\/\/www.hcgrupo.com\/index.php?rest_route=%2Fwp%2Fv2%2Fproduct_tag&post=792"}],"curies":[{"name":"wp","href":"https:\/\/api.w.org\/{rel}","templated":true}]}}