{"id":794,"date":"2020-12-15T16:07:00","date_gmt":"2020-12-15T16:07:00","guid":{"rendered":"http:\/\/www.hcgrupo.com\/?post_type=product&#038;p=794"},"modified":"2021-11-08T18:00:53","modified_gmt":"2021-11-08T18:00:53","slug":"anthelios-leche-dermopediatrica-spf50","status":"publish","type":"product","link":"http:\/\/www.hcgrupo.com\/?product=anthelios-leche-dermopediatrica-spf50","title":{"rendered":"Anthelios Leche Dermopedi\u00e1trica SPF50+"},"content":{"rendered":"","protected":false},"excerpt":{"rendered":"<p><strong>Informaci\u00f3n del Producto<\/strong><\/p>\n<ul>\n<li>M\u00e1xima protecci\u00f3n solar en leche para las pieles fr\u00e1giles de los ni\u00f1os, contra rayos UVA\/UVB.<\/li>\n<li>Multiresistente al agua, arena y transpiraci\u00f3n.<\/li>\n<li>Textura f\u00e1cil de aplicar.<\/li>\n<\/ul>\n<p><strong>Modo de Uso<\/strong><\/p>\n<ul>\n<li>Para uso en rostro y cuerpo.<\/li>\n<li>Aplicar justo antes de la exposici\u00f3n solar.<\/li>\n<li>Re-aplicar frecuentemente durante el d\u00eda para mantener la protecci\u00f3n, especialmente despu\u00e9s de la transpiraci\u00f3n o el haber usado una toalla.<\/li>\n<li>Cada 4 horas en la playa y cada 6 horas en la ciudad.<\/li>\n<\/ul>\n<p><strong>Contenido<\/strong><\/p>\n<ul>\n<li>50 ml.<\/li>\n<\/ul>\n","protected":false},"featured_media":1435,"template":"","meta":{"spay_email":""},"product_cat":[24],"product_tag":[],"_links":{"self":[{"href":"http:\/\/www.hcgrupo.com\/index.php?rest_route=\/wp\/v2\/product\/794"}],"collection":[{"href":"http:\/\/www.hcgrupo.com\/index.php?rest_route=\/wp\/v2\/product"}],"about":[{"href":"http:\/\/www.hcgrupo.com\/index.php?rest_route=\/wp\/v2\/types\/product"}],"wp:featuredmedia":[{"embeddable":true,"href":"http:\/\/www.hcgrupo.com\/index.php?rest_route=\/wp\/v2\/media\/1435"}],"wp:attachment":[{"href":"http:\/\/www.hcgrupo.com\/index.php?rest_route=%2Fwp%2Fv2%2Fmedia&parent=794"}],"wp:term":[{"taxonomy":"product_cat","embeddable":true,"href":"http:\/\/www.hcgrupo.com\/index.php?rest_route=%2Fwp%2Fv2%2Fproduct_cat&post=794"},{"taxonomy":"product_tag","embeddable":true,"href":"http:\/\/www.hcgrupo.com\/index.php?rest_route=%2Fwp%2Fv2%2Fproduct_tag&post=794"}],"curies":[{"name":"wp","href":"https:\/\/api.w.org\/{rel}","templated":true}]}}