{"id":798,"date":"2020-12-15T16:09:50","date_gmt":"2020-12-15T16:09:50","guid":{"rendered":"http:\/\/www.hcgrupo.com\/?post_type=product&#038;p=798"},"modified":"2021-11-08T18:03:07","modified_gmt":"2021-11-08T18:03:07","slug":"anthelios-leche-familiar-spf50","status":"publish","type":"product","link":"http:\/\/www.hcgrupo.com\/?product=anthelios-leche-familiar-spf50","title":{"rendered":"Anthelios Leche Familiar ECO TUBE SPF50+"},"content":{"rendered":"","protected":false},"excerpt":{"rendered":"<p><strong>Informaci\u00f3n del Producto<\/strong><\/p>\n<ul>\n<li>Muy alta protecci\u00f3n solar contra rayos UVA\/UVB en formato leche. Ideal para toda la familia.<\/li>\n<li>Textura hidratante, sin marcas blancas y sin efecto graso. Formato de 250ml para uso de toda la familia.<\/li>\n<li>Nuevo envase Eco amigable con 45% menos de pl\u00e1stico.<\/li>\n<\/ul>\n<p><strong>Modo de Uso<\/strong><\/p>\n<ul>\n<li>Para uso en rostro y cuerpo.<\/li>\n<li>Aplicar justo antes de la exposici\u00f3n solar.<\/li>\n<li>Re-aplicar frecuentemente durante el d\u00eda para mantener la protecci\u00f3n, especialmente despu\u00e9s de la transpiraci\u00f3n o el haber usado una toalla.<\/li>\n<li>Cada 4 horas en la playa y cada 6 horas en la ciudad.<\/li>\n<\/ul>\n<p><strong>Contenido<\/strong><\/p>\n<ul>\n<li>250 ml.<\/li>\n<\/ul>\n","protected":false},"featured_media":1436,"template":"","meta":{"spay_email":""},"product_cat":[24],"product_tag":[],"_links":{"self":[{"href":"http:\/\/www.hcgrupo.com\/index.php?rest_route=\/wp\/v2\/product\/798"}],"collection":[{"href":"http:\/\/www.hcgrupo.com\/index.php?rest_route=\/wp\/v2\/product"}],"about":[{"href":"http:\/\/www.hcgrupo.com\/index.php?rest_route=\/wp\/v2\/types\/product"}],"wp:featuredmedia":[{"embeddable":true,"href":"http:\/\/www.hcgrupo.com\/index.php?rest_route=\/wp\/v2\/media\/1436"}],"wp:attachment":[{"href":"http:\/\/www.hcgrupo.com\/index.php?rest_route=%2Fwp%2Fv2%2Fmedia&parent=798"}],"wp:term":[{"taxonomy":"product_cat","embeddable":true,"href":"http:\/\/www.hcgrupo.com\/index.php?rest_route=%2Fwp%2Fv2%2Fproduct_cat&post=798"},{"taxonomy":"product_tag","embeddable":true,"href":"http:\/\/www.hcgrupo.com\/index.php?rest_route=%2Fwp%2Fv2%2Fproduct_tag&post=798"}],"curies":[{"name":"wp","href":"https:\/\/api.w.org\/{rel}","templated":true}]}}