{"id":812,"date":"2020-12-15T17:08:03","date_gmt":"2020-12-15T17:08:03","guid":{"rendered":"http:\/\/www.hcgrupo.com\/?post_type=product&#038;p=812"},"modified":"2020-12-15T17:10:32","modified_gmt":"2020-12-15T17:10:32","slug":"toleriane-dermolimpiador-rostro","status":"publish","type":"product","link":"http:\/\/www.hcgrupo.com\/?product=toleriane-dermolimpiador-rostro","title":{"rendered":"Toleriane Dermolimpiador Rostro"},"content":{"rendered":"","protected":false},"excerpt":{"rendered":"<p><strong>Informaci\u00f3n del Producto<\/strong><\/p>\n<ul>\n<li>Removedor de maquillaje y limpiador para rostro y ojos, ideal para pieles ultra sensibles, intolerantes y secas.<\/li>\n<li>Textura de leche fluida enriquecida con glicerina hidratante.<\/li>\n<li>Carta de formulaci\u00f3n estricta para minimizar el riesgo de intolerancia.<\/li>\n<li>Alta tolerancia.<\/li>\n<li>Sin perfume, sin ingredientes tensioactivos, sin conservantes.<\/li>\n<\/ul>\n<p><strong>Modo de Uso<\/strong><\/p>\n<ul>\n<li>Aplicar masajeando haciendo c\u00edrculos, despu\u00e9s el\u00edminalo cuidadosamente con un disco de algod\u00f3n, teniendo cuidado de no frotar.<\/li>\n<li>Uso externo.<\/li>\n<\/ul>\n<p><strong>Contenido<\/strong><\/p>\n<ul>\n<li>200 ml.<\/li>\n<\/ul>\n","protected":false},"featured_media":813,"template":"","meta":{"spay_email":""},"product_cat":[24],"product_tag":[],"_links":{"self":[{"href":"http:\/\/www.hcgrupo.com\/index.php?rest_route=\/wp\/v2\/product\/812"}],"collection":[{"href":"http:\/\/www.hcgrupo.com\/index.php?rest_route=\/wp\/v2\/product"}],"about":[{"href":"http:\/\/www.hcgrupo.com\/index.php?rest_route=\/wp\/v2\/types\/product"}],"wp:featuredmedia":[{"embeddable":true,"href":"http:\/\/www.hcgrupo.com\/index.php?rest_route=\/wp\/v2\/media\/813"}],"wp:attachment":[{"href":"http:\/\/www.hcgrupo.com\/index.php?rest_route=%2Fwp%2Fv2%2Fmedia&parent=812"}],"wp:term":[{"taxonomy":"product_cat","embeddable":true,"href":"http:\/\/www.hcgrupo.com\/index.php?rest_route=%2Fwp%2Fv2%2Fproduct_cat&post=812"},{"taxonomy":"product_tag","embeddable":true,"href":"http:\/\/www.hcgrupo.com\/index.php?rest_route=%2Fwp%2Fv2%2Fproduct_tag&post=812"}],"curies":[{"name":"wp","href":"https:\/\/api.w.org\/{rel}","templated":true}]}}