{"id":828,"date":"2020-12-15T17:28:31","date_gmt":"2020-12-15T17:28:31","guid":{"rendered":"http:\/\/www.hcgrupo.com\/?post_type=product&#038;p=828"},"modified":"2020-12-15T17:29:47","modified_gmt":"2020-12-15T17:29:47","slug":"pigmentclar-serum","status":"publish","type":"product","link":"http:\/\/www.hcgrupo.com\/?product=pigmentclar-serum","title":{"rendered":"Pigmentclar Serum"},"content":{"rendered":"","protected":false},"excerpt":{"rendered":"<p><strong>Informaci\u00f3n del Producto<\/strong><\/p>\n<ul>\n<li>Tratamiento correctivo de rostro contra la falta de luminosidad, tono irregular y manchas.<\/li>\n<li>Eficacia anti reparaci\u00f3n (eficacia hasta 3 semanas despu\u00e9s de uso, con una aplicaci\u00f3n durante 12 semanas).<\/li>\n<li>Textura fluida, ligera e hidratante.<\/li>\n<\/ul>\n<p><strong>Modo de Uso<\/strong><\/p>\n<ul>\n<li>Aplicar sobre el rostro y cuello por la ma\u00f1ana o por la noche.<\/li>\n<li>Utilizar protecci\u00f3n solar durante el d\u00eda (SPF15 m\u00ednimo).<\/li>\n<li>Evitar el contorno de los ojos.<\/li>\n<\/ul>\n<p><strong>Contenido<\/strong><\/p>\n<ul>\n<li>30 ml.<\/li>\n<\/ul>\n","protected":false},"featured_media":829,"template":"","meta":{"spay_email":""},"product_cat":[24],"product_tag":[],"_links":{"self":[{"href":"http:\/\/www.hcgrupo.com\/index.php?rest_route=\/wp\/v2\/product\/828"}],"collection":[{"href":"http:\/\/www.hcgrupo.com\/index.php?rest_route=\/wp\/v2\/product"}],"about":[{"href":"http:\/\/www.hcgrupo.com\/index.php?rest_route=\/wp\/v2\/types\/product"}],"wp:featuredmedia":[{"embeddable":true,"href":"http:\/\/www.hcgrupo.com\/index.php?rest_route=\/wp\/v2\/media\/829"}],"wp:attachment":[{"href":"http:\/\/www.hcgrupo.com\/index.php?rest_route=%2Fwp%2Fv2%2Fmedia&parent=828"}],"wp:term":[{"taxonomy":"product_cat","embeddable":true,"href":"http:\/\/www.hcgrupo.com\/index.php?rest_route=%2Fwp%2Fv2%2Fproduct_cat&post=828"},{"taxonomy":"product_tag","embeddable":true,"href":"http:\/\/www.hcgrupo.com\/index.php?rest_route=%2Fwp%2Fv2%2Fproduct_tag&post=828"}],"curies":[{"name":"wp","href":"https:\/\/api.w.org\/{rel}","templated":true}]}}